{"id":2010,"date":"2025-05-06T21:24:32","date_gmt":"2025-05-06T21:24:32","guid":{"rendered":"https:\/\/cfbbamazonia.org\/?page_id=2010"},"modified":"2025-05-08T20:17:29","modified_gmt":"2025-05-08T20:17:29","slug":"chamada-para-contribuicoes-revista-ciencia-e-vozes-da-amazonia-cop30","status":"publish","type":"page","link":"https:\/\/cfbbamazonia.org\/fr\/chamada-para-contribuicoes-revista-ciencia-e-vozes-da-amazonia-cop30\/","title":{"rendered":"Chamada para Contribui\u00e7\u00f5es: Revista &#8220;Ci\u00eancia e Vozes da Amaz\u00f4nia &#8211; COP30"},"content":{"rendered":"<div data-elementor-type=\"wp-page\" data-elementor-id=\"2010\" class=\"elementor elementor-2010\">\n\t\t\t\t<div class=\"elementor-element elementor-element-7887096 e-flex e-con-boxed wpr-particle-no wpr-jarallax-no wpr-parallax-no wpr-sticky-section-no wpr-equal-height-no e-con e-parent\" data-id=\"7887096\" data-element_type=\"container\" data-e-type=\"container\">\n\t\t\t\t\t<div class=\"e-con-inner\">\n\t\t\t\t<div class=\"elementor-element elementor-element-79efc32 elementor-widget elementor-widget-heading\" data-id=\"79efc32\" data-element_type=\"widget\" data-e-type=\"widget\" data-widget_type=\"heading.default\">\n\t\t\t\t<div class=\"elementor-widget-container\">\n\t\t\t\t\t<h2 class=\"elementor-heading-title elementor-size-default\">Appel \u00e0 contributions : Revue \"Ci\u00eancia e Vozes da Amaz\u00f4nia - COP30\" de l'UFPA<\/h2>\t\t\t\t<\/div>\n\t\t\t\t<\/div>\n\t\t\t\t\t<\/div>\n\t\t\t\t<\/div>\n\t\t<div class=\"elementor-element elementor-element-6731d6b e-flex e-con-boxed wpr-particle-no wpr-jarallax-no wpr-parallax-no wpr-sticky-section-no wpr-equal-height-no e-con e-parent\" data-id=\"6731d6b\" data-element_type=\"container\" data-e-type=\"container\">\n\t\t\t\t\t<div class=\"e-con-inner\">\n\t\t\t\t<div class=\"elementor-element elementor-element-78846cf elementor-widget__width-initial elementor-widget elementor-widget-text-editor\" data-id=\"78846cf\" data-element_type=\"widget\" data-e-type=\"widget\" data-widget_type=\"text-editor.default\">\n\t\t\t\t<div class=\"elementor-widget-container\">\n\t\t\t\t\t\t\t\t\t<p>L\u2019Universit\u00e9 F\u00e9d\u00e9rale du Par\u00e1 publie une revue sp\u00e9ciale COP30 intitul\u00e9e \u201cCi\u00eancia e vozes da Amaz\u00f4nia - COP30\u201d. Cette revue est mensuelle et sera publi\u00e9e jusqu\u2019au mois de novembre 2025. Les num\u00e9ros sont publi\u00e9s en 4 langues (fran\u00e7ais, anglais, espagnol et portugais). Ils sont \u00e0 la recherche des contributions et souhaitent mettre en avant les travaux r\u00e9alis\u00e9s par des chercheurs fran\u00e7ais en collaboration ou non avec des chercheurs br\u00e9siliens. Les textes doivent comprendre entre 4200 et 8400 caract\u00e8res espace inclus.<\/p><p>Voici le lien vers le site de la revue : <a href=\"https:\/\/amazonianacop.ufpa.br\/publicacao\/\" target=\"_blank\" rel=\"noopener\">https:\/\/amazonianacop.ufpa.br\/publicacao\/<\/a>\u00a0<\/p><p>Et ici les normes pour la soumission d\u2019article :\u00a0<a href=\"https:\/\/amazonianacop.ufpa.br\/wp-content\/uploads\/2025\/02\/CHAMADA-PARA-A-PUBLICACAO.pdf\" target=\"_blank\" rel=\"noopener\">https:\/\/amazonianacop.ufpa.br\/wp-content\/uploads\/2025\/02\/CHAMADA-PARA-A-PUBLICACAO.pdf<\/a><\/p>\t\t\t\t\t\t\t\t<\/div>\n\t\t\t\t<\/div>\n\t\t\t\t\t<\/div>\n\t\t\t\t<\/div>\n\t\t\t\t<\/div>","protected":false},"excerpt":{"rendered":"<p>Chamada para Contribui\u00e7\u00f5es: Revista &#8220;Ci\u00eancia e Vozes da Amaz\u00f4nia &#8211; COP30 A Universidade Federal do Par\u00e1 est\u00e1 publicando uma revista especial da COP30 intitulada \u201cCi\u00eancia e vozes da Amaz\u00f4nia &#8211; COP30\u201d. A revista ser\u00e1 publicada mensalmente at\u00e9 novembro de 2025. As edi\u00e7\u00f5es s\u00e3o publicadas em quatro idiomas (franc\u00eas, ingl\u00eas, espanhol e portugu\u00eas). A revista est\u00e1 em busca de contribui\u00e7\u00f5es e deseja destacar trabalhos realizados por pesquisadores franceses em colabora\u00e7\u00e3o ou n\u00e3o com pesquisadores brasileiros. Os textos devem ter entre 4200 e 8400 caracteres, incluindo espa\u00e7os. Aqui est\u00e1 o link para o site da revista: https:\/\/amazonianacop.ufpa.br\/publicacao\/\u00a0 E aqui est\u00e3o as regras para envio de artigos:\u00a0https:\/\/amazonianacop.ufpa.br\/wp-content\/uploads\/2025\/02\/CHAMADA-PARA-A-PUBLICACAO.pdf<\/p>","protected":false},"author":1,"featured_media":0,"parent":0,"menu_order":0,"comment_status":"closed","ping_status":"closed","template":"elementor_header_footer","meta":{"footnotes":""},"class_list":["post-2010","page","type-page","status-publish","hentry"],"yoast_head":"<!-- This site is optimized with the Yoast SEO plugin v27.4 - https:\/\/yoast.com\/product\/yoast-seo-wordpress\/ -->\n<title>Chamada para Contribui\u00e7\u00f5es: Revista &quot;Ci\u00eancia e Vozes da Amaz\u00f4nia - COP30 - CFBB AMAZ\u00d4NIA - Centro Franco-Brasileiro da Biodiversidade Amaz\u00f4nica<\/title>\n<meta name=\"robots\" content=\"index, follow, max-snippet:-1, max-image-preview:large, max-video-preview:-1\" \/>\n<link rel=\"canonical\" href=\"https:\/\/cfbbamazonia.org\/fr\/chamada-para-contribuicoes-revista-ciencia-e-vozes-da-amazonia-cop30\/\" \/>\n<meta property=\"og:locale\" content=\"fr_FR\" \/>\n<meta property=\"og:type\" content=\"article\" \/>\n<meta property=\"og:title\" content=\"Chamada para Contribui\u00e7\u00f5es: Revista &quot;Ci\u00eancia e Vozes da Amaz\u00f4nia - COP30 - CFBB AMAZ\u00d4NIA - Centro Franco-Brasileiro da Biodiversidade Amaz\u00f4nica\" \/>\n<meta property=\"og:description\" content=\"Chamada para Contribui\u00e7\u00f5es: Revista &#8220;Ci\u00eancia e Vozes da Amaz\u00f4nia &#8211; COP30 A Universidade Federal do Par\u00e1 est\u00e1 publicando uma revista especial da COP30 intitulada \u201cCi\u00eancia e vozes da Amaz\u00f4nia &#8211; COP30\u201d. A revista ser\u00e1 publicada mensalmente at\u00e9 novembro de 2025. As edi\u00e7\u00f5es s\u00e3o publicadas em quatro idiomas (franc\u00eas, ingl\u00eas, espanhol e portugu\u00eas). A revista est\u00e1 em busca de contribui\u00e7\u00f5es e deseja destacar trabalhos realizados por pesquisadores franceses em colabora\u00e7\u00e3o ou n\u00e3o com pesquisadores brasileiros. Os textos devem ter entre 4200 e 8400 caracteres, incluindo espa\u00e7os. Aqui est\u00e1 o link para o site da revista: https:\/\/amazonianacop.ufpa.br\/publicacao\/\u00a0 E aqui est\u00e3o as regras para envio de artigos:\u00a0https:\/\/amazonianacop.ufpa.br\/wp-content\/uploads\/2025\/02\/CHAMADA-PARA-A-PUBLICACAO.pdf\" \/>\n<meta property=\"og:url\" content=\"https:\/\/cfbbamazonia.org\/fr\/chamada-para-contribuicoes-revista-ciencia-e-vozes-da-amazonia-cop30\/\" \/>\n<meta property=\"og:site_name\" content=\"CFBB AMAZ\u00d4NIA - Centro Franco-Brasileiro da Biodiversidade Amaz\u00f4nica\" \/>\n<meta property=\"article:modified_time\" content=\"2025-05-08T20:17:29+00:00\" \/>\n<meta name=\"twitter:card\" content=\"summary_large_image\" \/>\n<meta name=\"twitter:label1\" content=\"Dur\u00e9e de lecture estim\u00e9e\" \/>\n\t<meta name=\"twitter:data1\" content=\"1 minute\" \/>\n<script type=\"application\/ld+json\" class=\"yoast-schema-graph\">{\"@context\":\"https:\\\/\\\/schema.org\",\"@graph\":[{\"@type\":\"WebPage\",\"@id\":\"https:\\\/\\\/cfbbamazonia.org\\\/chamada-para-contribuicoes-revista-ciencia-e-vozes-da-amazonia-cop30\\\/\",\"url\":\"https:\\\/\\\/cfbbamazonia.org\\\/chamada-para-contribuicoes-revista-ciencia-e-vozes-da-amazonia-cop30\\\/\",\"name\":\"Chamada para Contribui\u00e7\u00f5es: Revista \\\"Ci\u00eancia e Vozes da Amaz\u00f4nia - COP30 - CFBB AMAZ\u00d4NIA - Centro Franco-Brasileiro da Biodiversidade Amaz\u00f4nica\",\"isPartOf\":{\"@id\":\"https:\\\/\\\/cfbbamazonia.org\\\/#website\"},\"datePublished\":\"2025-05-06T21:24:32+00:00\",\"dateModified\":\"2025-05-08T20:17:29+00:00\",\"breadcrumb\":{\"@id\":\"https:\\\/\\\/cfbbamazonia.org\\\/chamada-para-contribuicoes-revista-ciencia-e-vozes-da-amazonia-cop30\\\/#breadcrumb\"},\"inLanguage\":\"fr-FR\",\"potentialAction\":[{\"@type\":\"ReadAction\",\"target\":[\"https:\\\/\\\/cfbbamazonia.org\\\/chamada-para-contribuicoes-revista-ciencia-e-vozes-da-amazonia-cop30\\\/\"]}]},{\"@type\":\"BreadcrumbList\",\"@id\":\"https:\\\/\\\/cfbbamazonia.org\\\/chamada-para-contribuicoes-revista-ciencia-e-vozes-da-amazonia-cop30\\\/#breadcrumb\",\"itemListElement\":[{\"@type\":\"ListItem\",\"position\":1,\"name\":\"In\u00edcio\",\"item\":\"https:\\\/\\\/cfbbamazonia.org\\\/\"},{\"@type\":\"ListItem\",\"position\":2,\"name\":\"Chamada para Contribui\u00e7\u00f5es: Revista &#8220;Ci\u00eancia e Vozes da Amaz\u00f4nia &#8211; COP30\"}]},{\"@type\":\"WebSite\",\"@id\":\"https:\\\/\\\/cfbbamazonia.org\\\/#website\",\"url\":\"https:\\\/\\\/cfbbamazonia.org\\\/\",\"name\":\"Centro Franco-Brasileiro de Biodiversidade Amaz\u00f4nica\",\"description\":\"CFBB AMAZ\u00d4NIA\",\"publisher\":{\"@id\":\"https:\\\/\\\/cfbbamazonia.org\\\/#organization\"},\"potentialAction\":[{\"@type\":\"SearchAction\",\"target\":{\"@type\":\"EntryPoint\",\"urlTemplate\":\"https:\\\/\\\/cfbbamazonia.org\\\/?s={search_term_string}\"},\"query-input\":{\"@type\":\"PropertyValueSpecification\",\"valueRequired\":true,\"valueName\":\"search_term_string\"}}],\"inLanguage\":\"fr-FR\"},{\"@type\":\"Organization\",\"@id\":\"https:\\\/\\\/cfbbamazonia.org\\\/#organization\",\"name\":\"Centro Franco-Brasileiro de Biodiversidade Amaz\u00f4nica\",\"url\":\"https:\\\/\\\/cfbbamazonia.org\\\/\",\"logo\":{\"@type\":\"ImageObject\",\"inLanguage\":\"fr-FR\",\"@id\":\"https:\\\/\\\/cfbbamazonia.org\\\/#\\\/schema\\\/logo\\\/image\\\/\",\"url\":\"https:\\\/\\\/cfbbamazonia.org\\\/wp-content\\\/uploads\\\/2025\\\/05\\\/Elemento-Colorido-Passaro.svg\",\"contentUrl\":\"https:\\\/\\\/cfbbamazonia.org\\\/wp-content\\\/uploads\\\/2025\\\/05\\\/Elemento-Colorido-Passaro.svg\",\"width\":1780,\"height\":1858,\"caption\":\"Centro Franco-Brasileiro de Biodiversidade Amaz\u00f4nica\"},\"image\":{\"@id\":\"https:\\\/\\\/cfbbamazonia.org\\\/#\\\/schema\\\/logo\\\/image\\\/\"},\"sameAs\":[\"https:\\\/\\\/www.instagram.com\\\/cfbbamazonia\\\/\",\"https:\\\/\\\/www.linkedin.com\\\/company\\\/centre-franco-brsilien-de-la-biodiversit-amazonienne\\\/?viewAsMember=true\"]}]}<\/script>\n<!-- \/ Yoast SEO plugin. -->","yoast_head_json":{"title":"Chamada para Contribui\u00e7\u00f5es: Revista \"Ci\u00eancia e Vozes da Amaz\u00f4nia - COP30 - CFBB AMAZ\u00d4NIA - Centro Franco-Brasileiro da Biodiversidade Amaz\u00f4nica","robots":{"index":"index","follow":"follow","max-snippet":"max-snippet:-1","max-image-preview":"max-image-preview:large","max-video-preview":"max-video-preview:-1"},"canonical":"https:\/\/cfbbamazonia.org\/fr\/chamada-para-contribuicoes-revista-ciencia-e-vozes-da-amazonia-cop30\/","og_locale":"fr_FR","og_type":"article","og_title":"Chamada para Contribui\u00e7\u00f5es: Revista \"Ci\u00eancia e Vozes da Amaz\u00f4nia - COP30 - CFBB AMAZ\u00d4NIA - Centro Franco-Brasileiro da Biodiversidade Amaz\u00f4nica","og_description":"Chamada para Contribui\u00e7\u00f5es: Revista &#8220;Ci\u00eancia e Vozes da Amaz\u00f4nia &#8211; COP30 A Universidade Federal do Par\u00e1 est\u00e1 publicando uma revista especial da COP30 intitulada \u201cCi\u00eancia e vozes da Amaz\u00f4nia &#8211; COP30\u201d. A revista ser\u00e1 publicada mensalmente at\u00e9 novembro de 2025. As edi\u00e7\u00f5es s\u00e3o publicadas em quatro idiomas (franc\u00eas, ingl\u00eas, espanhol e portugu\u00eas). A revista est\u00e1 em busca de contribui\u00e7\u00f5es e deseja destacar trabalhos realizados por pesquisadores franceses em colabora\u00e7\u00e3o ou n\u00e3o com pesquisadores brasileiros. Os textos devem ter entre 4200 e 8400 caracteres, incluindo espa\u00e7os. Aqui est\u00e1 o link para o site da revista: https:\/\/amazonianacop.ufpa.br\/publicacao\/\u00a0 E aqui est\u00e3o as regras para envio de artigos:\u00a0https:\/\/amazonianacop.ufpa.br\/wp-content\/uploads\/2025\/02\/CHAMADA-PARA-A-PUBLICACAO.pdf","og_url":"https:\/\/cfbbamazonia.org\/fr\/chamada-para-contribuicoes-revista-ciencia-e-vozes-da-amazonia-cop30\/","og_site_name":"CFBB AMAZ\u00d4NIA - Centro Franco-Brasileiro da Biodiversidade Amaz\u00f4nica","article_modified_time":"2025-05-08T20:17:29+00:00","twitter_card":"summary_large_image","twitter_misc":{"Dur\u00e9e de lecture estim\u00e9e":"1 minute"},"schema":{"@context":"https:\/\/schema.org","@graph":[{"@type":"WebPage","@id":"https:\/\/cfbbamazonia.org\/chamada-para-contribuicoes-revista-ciencia-e-vozes-da-amazonia-cop30\/","url":"https:\/\/cfbbamazonia.org\/chamada-para-contribuicoes-revista-ciencia-e-vozes-da-amazonia-cop30\/","name":"Chamada para Contribui\u00e7\u00f5es: Revista \"Ci\u00eancia e Vozes da Amaz\u00f4nia - COP30 - CFBB AMAZ\u00d4NIA - Centro Franco-Brasileiro da Biodiversidade Amaz\u00f4nica","isPartOf":{"@id":"https:\/\/cfbbamazonia.org\/#website"},"datePublished":"2025-05-06T21:24:32+00:00","dateModified":"2025-05-08T20:17:29+00:00","breadcrumb":{"@id":"https:\/\/cfbbamazonia.org\/chamada-para-contribuicoes-revista-ciencia-e-vozes-da-amazonia-cop30\/#breadcrumb"},"inLanguage":"fr-FR","potentialAction":[{"@type":"ReadAction","target":["https:\/\/cfbbamazonia.org\/chamada-para-contribuicoes-revista-ciencia-e-vozes-da-amazonia-cop30\/"]}]},{"@type":"BreadcrumbList","@id":"https:\/\/cfbbamazonia.org\/chamada-para-contribuicoes-revista-ciencia-e-vozes-da-amazonia-cop30\/#breadcrumb","itemListElement":[{"@type":"ListItem","position":1,"name":"In\u00edcio","item":"https:\/\/cfbbamazonia.org\/"},{"@type":"ListItem","position":2,"name":"Chamada para Contribui\u00e7\u00f5es: Revista &#8220;Ci\u00eancia e Vozes da Amaz\u00f4nia &#8211; COP30"}]},{"@type":"WebSite","@id":"https:\/\/cfbbamazonia.org\/#website","url":"https:\/\/cfbbamazonia.org\/","name":"Centre Franco-Br\u00e9silien pour la Biodiversit\u00e9 Amazonienne","description":"CFBB AMAZ\u00d4NIA","publisher":{"@id":"https:\/\/cfbbamazonia.org\/#organization"},"potentialAction":[{"@type":"SearchAction","target":{"@type":"EntryPoint","urlTemplate":"https:\/\/cfbbamazonia.org\/?s={search_term_string}"},"query-input":{"@type":"PropertyValueSpecification","valueRequired":true,"valueName":"search_term_string"}}],"inLanguage":"fr-FR"},{"@type":"Organization","@id":"https:\/\/cfbbamazonia.org\/#organization","name":"Centre Franco-Br\u00e9silien pour la Biodiversit\u00e9 Amazonienne","url":"https:\/\/cfbbamazonia.org\/","logo":{"@type":"ImageObject","inLanguage":"fr-FR","@id":"https:\/\/cfbbamazonia.org\/#\/schema\/logo\/image\/","url":"https:\/\/cfbbamazonia.org\/wp-content\/uploads\/2025\/05\/Elemento-Colorido-Passaro.svg","contentUrl":"https:\/\/cfbbamazonia.org\/wp-content\/uploads\/2025\/05\/Elemento-Colorido-Passaro.svg","width":1780,"height":1858,"caption":"Centro Franco-Brasileiro de Biodiversidade Amaz\u00f4nica"},"image":{"@id":"https:\/\/cfbbamazonia.org\/#\/schema\/logo\/image\/"},"sameAs":["https:\/\/www.instagram.com\/cfbbamazonia\/","https:\/\/www.linkedin.com\/company\/centre-franco-brsilien-de-la-biodiversit-amazonienne\/?viewAsMember=true"]}]}},"_links":{"self":[{"href":"https:\/\/cfbbamazonia.org\/fr\/wp-json\/wp\/v2\/pages\/2010","targetHints":{"allow":["GET"]}}],"collection":[{"href":"https:\/\/cfbbamazonia.org\/fr\/wp-json\/wp\/v2\/pages"}],"about":[{"href":"https:\/\/cfbbamazonia.org\/fr\/wp-json\/wp\/v2\/types\/page"}],"author":[{"embeddable":true,"href":"https:\/\/cfbbamazonia.org\/fr\/wp-json\/wp\/v2\/users\/1"}],"replies":[{"embeddable":true,"href":"https:\/\/cfbbamazonia.org\/fr\/wp-json\/wp\/v2\/comments?post=2010"}],"version-history":[{"count":20,"href":"https:\/\/cfbbamazonia.org\/fr\/wp-json\/wp\/v2\/pages\/2010\/revisions"}],"predecessor-version":[{"id":2338,"href":"https:\/\/cfbbamazonia.org\/fr\/wp-json\/wp\/v2\/pages\/2010\/revisions\/2338"}],"wp:attachment":[{"href":"https:\/\/cfbbamazonia.org\/fr\/wp-json\/wp\/v2\/media?parent=2010"}],"curies":[{"name":"wp","href":"https:\/\/api.w.org\/{rel}","templated":true}]}}