{"id":2027,"date":"2025-05-06T21:37:44","date_gmt":"2025-05-06T21:37:44","guid":{"rendered":"https:\/\/cfbbamazonia.org\/?page_id=2027"},"modified":"2025-05-06T22:05:53","modified_gmt":"2025-05-06T22:05:53","slug":"seminario-sobre-internacionalizacao-e-ciencia-participativa-e-cidada","status":"publish","type":"page","link":"https:\/\/cfbbamazonia.org\/fr\/seminario-sobre-internacionalizacao-e-ciencia-participativa-e-cidada\/","title":{"rendered":"S\u00e9minaire sur l'internationalisation et les sciences participatives et citoyennes"},"content":{"rendered":"<div data-elementor-type=\"wp-page\" data-elementor-id=\"2027\" class=\"elementor elementor-2027\">\n\t\t\t\t<div class=\"elementor-element elementor-element-7ff36bd e-flex e-con-boxed wpr-particle-no wpr-jarallax-no wpr-parallax-no wpr-sticky-section-no wpr-equal-height-no e-con e-parent\" data-id=\"7ff36bd\" data-element_type=\"container\" data-e-type=\"container\" data-settings=\"{&quot;background_background&quot;:&quot;classic&quot;}\">\n\t\t\t\t\t<div class=\"e-con-inner\">\n\t\t\t\t<div class=\"elementor-element elementor-element-23f6971 elementor-widget__width-initial elementor-widget elementor-widget-heading\" data-id=\"23f6971\" data-element_type=\"widget\" data-e-type=\"widget\" data-widget_type=\"heading.default\">\n\t\t\t\t<div class=\"elementor-widget-container\">\n\t\t\t\t\t<h2 class=\"elementor-heading-title elementor-size-default\">S\u00e9minaire sur l'internationalisation et les sciences participatives et citoyennes<\/h2>\t\t\t\t<\/div>\n\t\t\t\t<\/div>\n\t\t\t\t\t<\/div>\n\t\t\t\t<\/div>\n\t\t<div class=\"elementor-element elementor-element-acb403e e-flex e-con-boxed wpr-particle-no wpr-jarallax-no wpr-parallax-no wpr-sticky-section-no wpr-equal-height-no e-con e-parent\" data-id=\"acb403e\" data-element_type=\"container\" data-e-type=\"container\">\n\t\t\t\t\t<div class=\"e-con-inner\">\n\t\t\t\t<div class=\"elementor-element elementor-element-c512022 elementor-widget__width-initial elementor-widget elementor-widget-text-editor\" data-id=\"c512022\" data-element_type=\"widget\" data-e-type=\"widget\" data-widget_type=\"text-editor.default\">\n\t\t\t\t<div class=\"elementor-widget-container\">\n\t\t\t\t\t\t\t\t\t<p><span style=\"font-weight: 400;\">\ud83d\udcc5 Rendez-vous le 11 avril \u00e0 9h30 pour le S\u00e9minaire sur l\u2019Internationalisation et la Science Participative et Citoyenne !<\/span><\/p><p><span style=\"font-weight: 400;\">\ud83d\udccd \u00c0 l'auditorium Paulo Mendes, Institut des Sciences Biologiques (ICB\/<\/span><a href=\"https:\/\/www.linkedin.com\/company\/universidade-federal-do-par\/\" target=\"_blank\" rel=\"noopener\"><span style=\"font-weight: 400;\">Universidade Federal do Par\u00e1<\/span><\/a><span style=\"font-weight: 400;\">), Bel\u00e9m.<\/span><\/p><p><span style=\"font-weight: 400;\">Le CFBBA sera pr\u00e9sent \u00e0 l\u2019Institut des Sciences Biologiques (ICB\/UFPA) pour \u00e9changer sur les enjeux de l\u2019internationalisation de la science et du renforcement de la participation citoyenne \u00e0 la production de connaissances.<\/span><\/p><p><span style=\"font-weight: 400;\">\ud83d\udccc Intervention de<\/span><a href=\"https:\/\/www.linkedin.com\/in\/nadge-mzi-911544226\/\" target=\"_blank\" rel=\"noopener\"> <span style=\"font-weight: 400;\">Nad\u00e8ge M\u00e9zi\u00e9<\/span><\/a><span style=\"font-weight: 400;\"> (CFBBA) :<\/span><\/p><p><span style=\"font-weight: 400;\">\u201cCaminhos para uma colabora\u00e7\u00e3o refor\u00e7ada entre a Fran\u00e7a e o Brasil na \u00e1rea da biodiversidade\u201d<\/span><\/p><p><span style=\"font-weight: 400;\">\ud83d\udccc Intervention de<\/span><a href=\"https:\/\/www.linkedin.com\/in\/emiliecoudel\/\" target=\"_blank\" rel=\"noopener\"> <span style=\"font-weight: 400;\">Emilie Coudel<\/span><\/a><span style=\"font-weight: 400;\"> (<\/span><a href=\"https:\/\/www.linkedin.com\/company\/cirad\/\" target=\"_blank\" rel=\"noopener\"><span style=\"font-weight: 400;\">CIRAD<\/span><\/a><span style=\"font-weight: 400;\">, Groupe de Recherche-action Refloramaz) :<\/span><\/p><p><span style=\"font-weight: 400;\">\u00ab Sciences participatives et science citoyenne : quels impacts sur la recherche ? \u00bb<\/span><\/p><p><span style=\"font-weight: 400;\">Ce s\u00e9minaire r\u00e9unira des professeurs et \u00e9tudiants pour d\u00e9battre des partenariats scientifiques internationaux et de l\u2019impact de la science participative.<\/span><\/p><p><span style=\"font-weight: 400;\">Ouvert au public, cet \u00e9v\u00e9nement sera une occasion d\u2019approfondir la r\u00e9flexion sur les liens entre science et soci\u00e9t\u00e9.<\/span><\/p>\t\t\t\t\t\t\t\t<\/div>\n\t\t\t\t<\/div>\n\t\t\t\t\t<\/div>\n\t\t\t\t<\/div>\n\t\t\t\t<\/div>","protected":false},"excerpt":{"rendered":"<p>Semin\u00e1rio sobre Internacionaliza\u00e7\u00e3o e Ci\u00eancia Participativa e Cidad\u00e3 \ud83d\udcc5 Participe do Semin\u00e1rio sobre Internacionaliza\u00e7\u00e3o e Ci\u00eancia Participativa e Cidad\u00e3 no dia 11 de abril, \u00e0s 9h30! \ud83d\udccd Audit\u00f3rio Paulo Mendes, Instituto de Ci\u00eancias Biol\u00f3gicas (ICB\/Universidade Federal do Par\u00e1), Bel\u00e9m. O CFBBA estar\u00e1 presente no Instituto de Ci\u00eancias Biol\u00f3gicas (ICB\/UFPA) para debater os desafios da internacionaliza\u00e7\u00e3o da ci\u00eancia e o fortalecimento da participa\u00e7\u00e3o cidad\u00e3 na produ\u00e7\u00e3o do conhecimento. \ud83d\udccc Interven\u00e7\u00e3o de Nad\u00e8ge M\u00e9zi\u00e9 (CFBBA) : \u201cCaminhos para uma colabora\u00e7\u00e3o refor\u00e7ada entre a Fran\u00e7a e o Brasil na \u00e1rea da biodiversidade\u201d \ud83d\udccc Interven\u00e7\u00e3o de Emilie Coudel (CIRAD, Grupo de Pesquisa-a\u00e7\u00e3o Refloramaz) : \u201cCi\u00eancias participativas e ci\u00eancia cidad\u00e3: o que isso muda para a ci\u00eancia?\u201d O semin\u00e1rio reunir\u00e1 professores e estudantes para discutir as parcerias cient\u00edficas internacionais e o impacto da ci\u00eancia participativa. Aberto ao p\u00fablico, o evento \u00e9 uma excelente oportunidade para aprofundar o debate sobre ci\u00eancia e sociedade.<\/p>","protected":false},"author":1,"featured_media":0,"parent":0,"menu_order":0,"comment_status":"closed","ping_status":"closed","template":"elementor_header_footer","meta":{"footnotes":""},"class_list":["post-2027","page","type-page","status-publish","hentry"],"yoast_head":"<!-- This site is optimized with the Yoast SEO plugin v27.4 - https:\/\/yoast.com\/product\/yoast-seo-wordpress\/ -->\n<title>Semin\u00e1rio sobre Internacionaliza\u00e7\u00e3o e Ci\u00eancia Participativa e Cidad\u00e3 - CFBB AMAZ\u00d4NIA - Centro Franco-Brasileiro da Biodiversidade Amaz\u00f4nica<\/title>\n<meta name=\"robots\" content=\"index, follow, max-snippet:-1, max-image-preview:large, max-video-preview:-1\" \/>\n<link rel=\"canonical\" href=\"https:\/\/cfbbamazonia.org\/fr\/seminario-sobre-internacionalizacao-e-ciencia-participativa-e-cidada\/\" \/>\n<meta property=\"og:locale\" content=\"fr_FR\" \/>\n<meta property=\"og:type\" content=\"article\" \/>\n<meta property=\"og:title\" content=\"Semin\u00e1rio sobre Internacionaliza\u00e7\u00e3o e Ci\u00eancia Participativa e Cidad\u00e3 - CFBB AMAZ\u00d4NIA - Centro Franco-Brasileiro da Biodiversidade Amaz\u00f4nica\" \/>\n<meta property=\"og:description\" content=\"Semin\u00e1rio sobre Internacionaliza\u00e7\u00e3o e Ci\u00eancia Participativa e Cidad\u00e3 \ud83d\udcc5 Participe do Semin\u00e1rio sobre Internacionaliza\u00e7\u00e3o e Ci\u00eancia Participativa e Cidad\u00e3 no dia 11 de abril, \u00e0s 9h30! \ud83d\udccd Audit\u00f3rio Paulo Mendes, Instituto de Ci\u00eancias Biol\u00f3gicas (ICB\/Universidade Federal do Par\u00e1), Bel\u00e9m. O CFBBA estar\u00e1 presente no Instituto de Ci\u00eancias Biol\u00f3gicas (ICB\/UFPA) para debater os desafios da internacionaliza\u00e7\u00e3o da ci\u00eancia e o fortalecimento da participa\u00e7\u00e3o cidad\u00e3 na produ\u00e7\u00e3o do conhecimento. \ud83d\udccc Interven\u00e7\u00e3o de Nad\u00e8ge M\u00e9zi\u00e9 (CFBBA) : \u201cCaminhos para uma colabora\u00e7\u00e3o refor\u00e7ada entre a Fran\u00e7a e o Brasil na \u00e1rea da biodiversidade\u201d \ud83d\udccc Interven\u00e7\u00e3o de Emilie Coudel (CIRAD, Grupo de Pesquisa-a\u00e7\u00e3o Refloramaz) : \u201cCi\u00eancias participativas e ci\u00eancia cidad\u00e3: o que isso muda para a ci\u00eancia?\u201d O semin\u00e1rio reunir\u00e1 professores e estudantes para discutir as parcerias cient\u00edficas internacionais e o impacto da ci\u00eancia participativa. Aberto ao p\u00fablico, o evento \u00e9 uma excelente oportunidade para aprofundar o debate sobre ci\u00eancia e sociedade.\" \/>\n<meta property=\"og:url\" content=\"https:\/\/cfbbamazonia.org\/fr\/seminario-sobre-internacionalizacao-e-ciencia-participativa-e-cidada\/\" \/>\n<meta property=\"og:site_name\" content=\"CFBB AMAZ\u00d4NIA - Centro Franco-Brasileiro da Biodiversidade Amaz\u00f4nica\" \/>\n<meta property=\"article:modified_time\" content=\"2025-05-06T22:05:53+00:00\" \/>\n<meta name=\"twitter:card\" content=\"summary_large_image\" \/>\n<meta name=\"twitter:label1\" content=\"Dur\u00e9e de lecture estim\u00e9e\" \/>\n\t<meta name=\"twitter:data1\" content=\"1 minute\" \/>\n<script type=\"application\/ld+json\" class=\"yoast-schema-graph\">{\"@context\":\"https:\\\/\\\/schema.org\",\"@graph\":[{\"@type\":\"WebPage\",\"@id\":\"https:\\\/\\\/cfbbamazonia.org\\\/seminario-sobre-internacionalizacao-e-ciencia-participativa-e-cidada\\\/\",\"url\":\"https:\\\/\\\/cfbbamazonia.org\\\/seminario-sobre-internacionalizacao-e-ciencia-participativa-e-cidada\\\/\",\"name\":\"Semin\u00e1rio sobre Internacionaliza\u00e7\u00e3o e Ci\u00eancia Participativa e Cidad\u00e3 - CFBB AMAZ\u00d4NIA - Centro Franco-Brasileiro da Biodiversidade Amaz\u00f4nica\",\"isPartOf\":{\"@id\":\"https:\\\/\\\/cfbbamazonia.org\\\/#website\"},\"datePublished\":\"2025-05-06T21:37:44+00:00\",\"dateModified\":\"2025-05-06T22:05:53+00:00\",\"breadcrumb\":{\"@id\":\"https:\\\/\\\/cfbbamazonia.org\\\/seminario-sobre-internacionalizacao-e-ciencia-participativa-e-cidada\\\/#breadcrumb\"},\"inLanguage\":\"fr-FR\",\"potentialAction\":[{\"@type\":\"ReadAction\",\"target\":[\"https:\\\/\\\/cfbbamazonia.org\\\/seminario-sobre-internacionalizacao-e-ciencia-participativa-e-cidada\\\/\"]}]},{\"@type\":\"BreadcrumbList\",\"@id\":\"https:\\\/\\\/cfbbamazonia.org\\\/seminario-sobre-internacionalizacao-e-ciencia-participativa-e-cidada\\\/#breadcrumb\",\"itemListElement\":[{\"@type\":\"ListItem\",\"position\":1,\"name\":\"In\u00edcio\",\"item\":\"https:\\\/\\\/cfbbamazonia.org\\\/\"},{\"@type\":\"ListItem\",\"position\":2,\"name\":\"Semin\u00e1rio sobre Internacionaliza\u00e7\u00e3o e Ci\u00eancia Participativa e Cidad\u00e3\"}]},{\"@type\":\"WebSite\",\"@id\":\"https:\\\/\\\/cfbbamazonia.org\\\/#website\",\"url\":\"https:\\\/\\\/cfbbamazonia.org\\\/\",\"name\":\"Centro Franco-Brasileiro de Biodiversidade Amaz\u00f4nica\",\"description\":\"CFBB AMAZ\u00d4NIA\",\"publisher\":{\"@id\":\"https:\\\/\\\/cfbbamazonia.org\\\/#organization\"},\"potentialAction\":[{\"@type\":\"SearchAction\",\"target\":{\"@type\":\"EntryPoint\",\"urlTemplate\":\"https:\\\/\\\/cfbbamazonia.org\\\/?s={search_term_string}\"},\"query-input\":{\"@type\":\"PropertyValueSpecification\",\"valueRequired\":true,\"valueName\":\"search_term_string\"}}],\"inLanguage\":\"fr-FR\"},{\"@type\":\"Organization\",\"@id\":\"https:\\\/\\\/cfbbamazonia.org\\\/#organization\",\"name\":\"Centro Franco-Brasileiro de Biodiversidade Amaz\u00f4nica\",\"url\":\"https:\\\/\\\/cfbbamazonia.org\\\/\",\"logo\":{\"@type\":\"ImageObject\",\"inLanguage\":\"fr-FR\",\"@id\":\"https:\\\/\\\/cfbbamazonia.org\\\/#\\\/schema\\\/logo\\\/image\\\/\",\"url\":\"https:\\\/\\\/cfbbamazonia.org\\\/wp-content\\\/uploads\\\/2025\\\/05\\\/Elemento-Colorido-Passaro.svg\",\"contentUrl\":\"https:\\\/\\\/cfbbamazonia.org\\\/wp-content\\\/uploads\\\/2025\\\/05\\\/Elemento-Colorido-Passaro.svg\",\"width\":1780,\"height\":1858,\"caption\":\"Centro Franco-Brasileiro de Biodiversidade Amaz\u00f4nica\"},\"image\":{\"@id\":\"https:\\\/\\\/cfbbamazonia.org\\\/#\\\/schema\\\/logo\\\/image\\\/\"},\"sameAs\":[\"https:\\\/\\\/www.instagram.com\\\/cfbbamazonia\\\/\",\"https:\\\/\\\/www.linkedin.com\\\/company\\\/centre-franco-brsilien-de-la-biodiversit-amazonienne\\\/?viewAsMember=true\"]}]}<\/script>\n<!-- \/ Yoast SEO plugin. -->","yoast_head_json":{"title":"Semin\u00e1rio sobre Internacionaliza\u00e7\u00e3o e Ci\u00eancia Participativa e Cidad\u00e3 - CFBB AMAZ\u00d4NIA - Centro Franco-Brasileiro da Biodiversidade Amaz\u00f4nica","robots":{"index":"index","follow":"follow","max-snippet":"max-snippet:-1","max-image-preview":"max-image-preview:large","max-video-preview":"max-video-preview:-1"},"canonical":"https:\/\/cfbbamazonia.org\/fr\/seminario-sobre-internacionalizacao-e-ciencia-participativa-e-cidada\/","og_locale":"fr_FR","og_type":"article","og_title":"Semin\u00e1rio sobre Internacionaliza\u00e7\u00e3o e Ci\u00eancia Participativa e Cidad\u00e3 - CFBB AMAZ\u00d4NIA - Centro Franco-Brasileiro da Biodiversidade Amaz\u00f4nica","og_description":"Semin\u00e1rio sobre Internacionaliza\u00e7\u00e3o e Ci\u00eancia Participativa e Cidad\u00e3 \ud83d\udcc5 Participe do Semin\u00e1rio sobre Internacionaliza\u00e7\u00e3o e Ci\u00eancia Participativa e Cidad\u00e3 no dia 11 de abril, \u00e0s 9h30! \ud83d\udccd Audit\u00f3rio Paulo Mendes, Instituto de Ci\u00eancias Biol\u00f3gicas (ICB\/Universidade Federal do Par\u00e1), Bel\u00e9m. O CFBBA estar\u00e1 presente no Instituto de Ci\u00eancias Biol\u00f3gicas (ICB\/UFPA) para debater os desafios da internacionaliza\u00e7\u00e3o da ci\u00eancia e o fortalecimento da participa\u00e7\u00e3o cidad\u00e3 na produ\u00e7\u00e3o do conhecimento. \ud83d\udccc Interven\u00e7\u00e3o de Nad\u00e8ge M\u00e9zi\u00e9 (CFBBA) : \u201cCaminhos para uma colabora\u00e7\u00e3o refor\u00e7ada entre a Fran\u00e7a e o Brasil na \u00e1rea da biodiversidade\u201d \ud83d\udccc Interven\u00e7\u00e3o de Emilie Coudel (CIRAD, Grupo de Pesquisa-a\u00e7\u00e3o Refloramaz) : \u201cCi\u00eancias participativas e ci\u00eancia cidad\u00e3: o que isso muda para a ci\u00eancia?\u201d O semin\u00e1rio reunir\u00e1 professores e estudantes para discutir as parcerias cient\u00edficas internacionais e o impacto da ci\u00eancia participativa. Aberto ao p\u00fablico, o evento \u00e9 uma excelente oportunidade para aprofundar o debate sobre ci\u00eancia e sociedade.","og_url":"https:\/\/cfbbamazonia.org\/fr\/seminario-sobre-internacionalizacao-e-ciencia-participativa-e-cidada\/","og_site_name":"CFBB AMAZ\u00d4NIA - Centro Franco-Brasileiro da Biodiversidade Amaz\u00f4nica","article_modified_time":"2025-05-06T22:05:53+00:00","twitter_card":"summary_large_image","twitter_misc":{"Dur\u00e9e de lecture estim\u00e9e":"1 minute"},"schema":{"@context":"https:\/\/schema.org","@graph":[{"@type":"WebPage","@id":"https:\/\/cfbbamazonia.org\/seminario-sobre-internacionalizacao-e-ciencia-participativa-e-cidada\/","url":"https:\/\/cfbbamazonia.org\/seminario-sobre-internacionalizacao-e-ciencia-participativa-e-cidada\/","name":"Semin\u00e1rio sobre Internacionaliza\u00e7\u00e3o e Ci\u00eancia Participativa e Cidad\u00e3 - CFBB AMAZ\u00d4NIA - Centro Franco-Brasileiro da Biodiversidade Amaz\u00f4nica","isPartOf":{"@id":"https:\/\/cfbbamazonia.org\/#website"},"datePublished":"2025-05-06T21:37:44+00:00","dateModified":"2025-05-06T22:05:53+00:00","breadcrumb":{"@id":"https:\/\/cfbbamazonia.org\/seminario-sobre-internacionalizacao-e-ciencia-participativa-e-cidada\/#breadcrumb"},"inLanguage":"fr-FR","potentialAction":[{"@type":"ReadAction","target":["https:\/\/cfbbamazonia.org\/seminario-sobre-internacionalizacao-e-ciencia-participativa-e-cidada\/"]}]},{"@type":"BreadcrumbList","@id":"https:\/\/cfbbamazonia.org\/seminario-sobre-internacionalizacao-e-ciencia-participativa-e-cidada\/#breadcrumb","itemListElement":[{"@type":"ListItem","position":1,"name":"In\u00edcio","item":"https:\/\/cfbbamazonia.org\/"},{"@type":"ListItem","position":2,"name":"Semin\u00e1rio sobre Internacionaliza\u00e7\u00e3o e Ci\u00eancia Participativa e Cidad\u00e3"}]},{"@type":"WebSite","@id":"https:\/\/cfbbamazonia.org\/#website","url":"https:\/\/cfbbamazonia.org\/","name":"Centre Franco-Br\u00e9silien pour la Biodiversit\u00e9 Amazonienne","description":"CFBB AMAZ\u00d4NIA","publisher":{"@id":"https:\/\/cfbbamazonia.org\/#organization"},"potentialAction":[{"@type":"SearchAction","target":{"@type":"EntryPoint","urlTemplate":"https:\/\/cfbbamazonia.org\/?s={search_term_string}"},"query-input":{"@type":"PropertyValueSpecification","valueRequired":true,"valueName":"search_term_string"}}],"inLanguage":"fr-FR"},{"@type":"Organization","@id":"https:\/\/cfbbamazonia.org\/#organization","name":"Centre Franco-Br\u00e9silien pour la Biodiversit\u00e9 Amazonienne","url":"https:\/\/cfbbamazonia.org\/","logo":{"@type":"ImageObject","inLanguage":"fr-FR","@id":"https:\/\/cfbbamazonia.org\/#\/schema\/logo\/image\/","url":"https:\/\/cfbbamazonia.org\/wp-content\/uploads\/2025\/05\/Elemento-Colorido-Passaro.svg","contentUrl":"https:\/\/cfbbamazonia.org\/wp-content\/uploads\/2025\/05\/Elemento-Colorido-Passaro.svg","width":1780,"height":1858,"caption":"Centro Franco-Brasileiro de Biodiversidade Amaz\u00f4nica"},"image":{"@id":"https:\/\/cfbbamazonia.org\/#\/schema\/logo\/image\/"},"sameAs":["https:\/\/www.instagram.com\/cfbbamazonia\/","https:\/\/www.linkedin.com\/company\/centre-franco-brsilien-de-la-biodiversit-amazonienne\/?viewAsMember=true"]}]}},"_links":{"self":[{"href":"https:\/\/cfbbamazonia.org\/fr\/wp-json\/wp\/v2\/pages\/2027","targetHints":{"allow":["GET"]}}],"collection":[{"href":"https:\/\/cfbbamazonia.org\/fr\/wp-json\/wp\/v2\/pages"}],"about":[{"href":"https:\/\/cfbbamazonia.org\/fr\/wp-json\/wp\/v2\/types\/page"}],"author":[{"embeddable":true,"href":"https:\/\/cfbbamazonia.org\/fr\/wp-json\/wp\/v2\/users\/1"}],"replies":[{"embeddable":true,"href":"https:\/\/cfbbamazonia.org\/fr\/wp-json\/wp\/v2\/comments?post=2027"}],"version-history":[{"count":13,"href":"https:\/\/cfbbamazonia.org\/fr\/wp-json\/wp\/v2\/pages\/2027\/revisions"}],"predecessor-version":[{"id":2112,"href":"https:\/\/cfbbamazonia.org\/fr\/wp-json\/wp\/v2\/pages\/2027\/revisions\/2112"}],"wp:attachment":[{"href":"https:\/\/cfbbamazonia.org\/fr\/wp-json\/wp\/v2\/media?parent=2027"}],"curies":[{"name":"wp","href":"https:\/\/api.w.org\/{rel}","templated":true}]}}