{"id":2054,"date":"2025-05-06T21:49:56","date_gmt":"2025-05-06T21:49:56","guid":{"rendered":"https:\/\/cfbbamazonia.org\/?page_id=2054"},"modified":"2025-05-09T18:12:49","modified_gmt":"2025-05-09T18:12:49","slug":"resultados-da-missao-do-centro-franco-brasileiro-para-a-biodiversidade-amazonica-cfbba","status":"publish","type":"page","link":"https:\/\/cfbbamazonia.org\/fr\/resultados-da-missao-do-centro-franco-brasileiro-para-a-biodiversidade-amazonica-cfbba\/","title":{"rendered":"R\u00e9sultats de la mission du Centre Franco-Br\u00e9silien pour la Biodiversit\u00e9 Amazonienne (CFBBA)"},"content":{"rendered":"<div data-elementor-type=\"wp-page\" data-elementor-id=\"2054\" class=\"elementor elementor-2054\">\n\t\t\t\t<div class=\"elementor-element elementor-element-c947723 e-con-full e-flex wpr-particle-no wpr-jarallax-no wpr-parallax-no wpr-sticky-section-no wpr-equal-height-no e-con e-parent\" data-id=\"c947723\" data-element_type=\"container\" data-e-type=\"container\" data-settings=\"{&quot;background_background&quot;:&quot;slideshow&quot;,&quot;background_slideshow_gallery&quot;:[],&quot;background_slideshow_loop&quot;:&quot;yes&quot;,&quot;background_slideshow_slide_duration&quot;:5000,&quot;background_slideshow_slide_transition&quot;:&quot;fade&quot;,&quot;background_slideshow_transition_duration&quot;:500}\">\n\t\t\t\t<div class=\"elementor-element elementor-element-451f3e4 elementor-widget__width-initial elementor-widget-laptop__width-initial elementor-widget elementor-widget-heading\" data-id=\"451f3e4\" data-element_type=\"widget\" data-e-type=\"widget\" data-widget_type=\"heading.default\">\n\t\t\t\t<div class=\"elementor-widget-container\">\n\t\t\t\t\t<h2 class=\"elementor-heading-title elementor-size-default\">R\u00e9unions annuelles du CFBBA \u00e0 Cayenne - avril 2025<\/h2>\t\t\t\t<\/div>\n\t\t\t\t<\/div>\n\t\t\t\t<\/div>\n\t\t<div class=\"elementor-element elementor-element-e54ccd6 e-flex e-con-boxed wpr-particle-no wpr-jarallax-no wpr-parallax-no wpr-sticky-section-no wpr-equal-height-no e-con e-parent\" data-id=\"e54ccd6\" data-element_type=\"container\" data-e-type=\"container\">\n\t\t\t\t\t<div class=\"e-con-inner\">\n\t\t\t\t<div class=\"elementor-element elementor-element-3a65839 elementor-widget__width-initial elementor-widget elementor-widget-text-editor\" data-id=\"3a65839\" data-element_type=\"widget\" data-e-type=\"widget\" data-widget_type=\"text-editor.default\">\n\t\t\t\t<div class=\"elementor-widget-container\">\n\t\t\t\t\t\t\t\t\t<p><span style=\"font-weight: 400;\">11 au 18 avril 2025 <\/span><\/p><p><span style=\"font-weight: 400;\">Cayenne - Brasilia<\/span><\/p>\t\t\t\t\t\t\t\t<\/div>\n\t\t\t\t<\/div>\n\t\t\t\t<div class=\"elementor-element elementor-element-2c9f25e elementor-widget__width-initial elementor-widget elementor-widget-text-editor\" data-id=\"2c9f25e\" data-element_type=\"widget\" data-e-type=\"widget\" data-widget_type=\"text-editor.default\">\n\t\t\t\t<div class=\"elementor-widget-container\">\n\t\t\t\t\t\t\t\t\t<p><b>R\u00e9sum\u00e9<\/b><b><br \/><\/b><\/p><p class=\"\" data-start=\"0\" data-end=\"639\">Le 14 avril 2025, ont eu lieu, sur le campus de l'Universit\u00e9 de Guyane \u00e0 Cayenne, la r\u00e9union du Conseil Binational (compos\u00e9es de plusieurs minist\u00e8res br\u00e9silien et fran\u00e7ais) et la r\u00e9union du Conseil Scientifique du CFBBA. Ces r\u00e9unions ont permis de valider le r\u00e8glement interne du Centre, de d\u00e9finir les axes th\u00e9matiques et la d\u00e9limitation du Centre, d\u2019annoncer des financements fran\u00e7ais et br\u00e9siliens et de r\u00e9affirmer l\u2019engagement fran\u00e7ais et br\u00e9silien pour faire du centre un outil pour le renforcement de la coop\u00e9ration universitaire et scientifique entre la Guyane fran\u00e7aise et les \u00e9tats br\u00e9siliens voisins (Amap\u00e1, Par\u00e1, Roraima, Amazonas).<\/p><p class=\"\" data-start=\"641\" data-end=\"1138\">Ces deux r\u00e9unions ont \u00e9t\u00e9 salu\u00e9es pour leurs r\u00e9sultats positifs qui ouvrent la voie aux premi\u00e8res activit\u00e9s et actions du Centre. Un appel \u00e0 projets de recherche co-financ\u00e9 par le Minist\u00e8re de l\u2019Europe et des Affaires \u00c9trang\u00e8res, la CAPES et le CNPq sur prochainement lanc\u00e9 et le CFBBA est appel\u00e9 \u00e0 participer \u00e0 de nombreux \u00e9v\u00e9nements PreCOP. Autre sujet qui a \u00e9t\u00e9 discut\u00e9 par tous les participants : la COP30 et les actions conjointes franco-br\u00e9siliennes du mois de novembre 2025 \u00e0 Bel\u00e9m.<\/p><p class=\"\" data-start=\"1140\" data-end=\"1665\">Parmi les participants, on a pu compter sur la pr\u00e9sence, du c\u00f4t\u00e9 br\u00e9silien, du pr\u00e9sident du CNPq, Ricardo Galv\u00e3o, de la pr\u00e9sidente de la CAPES, Denise Carvalho, des autorit\u00e9s du Minist\u00e8re de la science et du minist\u00e8re des affaires \u00e9trang\u00e8res, du c\u00f4t\u00e9 fran\u00e7ais, ont particip\u00e9 le pr\u00e9fet de la r\u00e9gion Guyane, des autorit\u00e9s de la Collectivit\u00e9 Territoriale de la Guyane, le pr\u00e9sident de l\u2019Universit\u00e9 de Guyane, le Minist\u00e8re de l\u2019Enseignement Sup\u00e9rieur et de la Recherche et le Minist\u00e8re de l\u2019Europe et des Affaires \u00c9trang\u00e8res \u00e9taient \u00e9galement repr\u00e9sent\u00e9s. De nombreux enseignants chercheurs ont \u00e9galement particip\u00e9 \u00e0 la session ouverte et des employ\u00e9s de diff\u00e9rentes agences (Office de l\u2019eau, Parc Amazonien de Guyane, Guyane D\u00e9veloppement Innovation, entre autres).<\/p><p class=\"\" data-start=\"1667\" data-end=\"1939\">Les deux r\u00e9unions ont \u00e9t\u00e9 pr\u00e9c\u00e9d\u00e9es par la pr\u00e9sentation de l\u2019\u00e9cosyst\u00e8me de l\u2019enseignement sup\u00e9rieur, de la recherche et de l\u2019innovation en Guyane fran\u00e7aise. Tandis que le dimanche 13 avril, des visites ont \u00e9t\u00e9 faites au site arch\u00e9ologique de l'Habitation Loyola, l\u2019Institut Pasteur et \u00e0 l\u2019herbier de l\u2019IRD.<\/p>\t\t\t\t\t\t\t\t<\/div>\n\t\t\t\t<\/div>\n\t\t\t\t\t<\/div>\n\t\t\t\t<\/div>\n\t\t\t\t<\/div>","protected":false},"excerpt":{"rendered":"<p>Reuni\u00f5es anuais do CFBBA em Caiena &#8211; abril 2025 11 a 18 de abril de 2025 Caiena \u2013 Bras\u00edlia Resumo No dia 14 de abril de 2025, ocorreram a reuni\u00e3o do Conselho Binacional (composto por diversos minist\u00e9rios brasileiros e franceses) e a reuni\u00e3o do Conselho Cient\u00edfico do CFBBA no campus da Universidade da Guiana, em Caiena. Esses encontros permitiram validar o regulamento interno do Centro, definir os eixos tem\u00e1ticos e a delimita\u00e7\u00e3o geogr\u00e1fica do CFBBA, anunciar financiamentos franceses e brasileiros, e reafirmar o compromisso de ambos os pa\u00edses em fazer do Centro uma ferramenta para o fortalecimento da coopera\u00e7\u00e3o universit\u00e1ria e cient\u00edfica entre a Guiana Francesa e os estados brasileiros vizinhos (Amap\u00e1, Par\u00e1, Roraima, Amazonas). As duas reuni\u00f5es foram elogiadas pelos resultados positivos, que abrem caminho para as primeiras atividades e a\u00e7\u00f5es do Centro. Um edital de projetos de pesquisa cofinanciado pelo Minist\u00e9rio da Europa e dos Assuntos Estrangeiros da Fran\u00e7a, pela CAPES e pelo CNPq ser\u00e1 lan\u00e7ado em breve, e o CFBBA est\u00e1 previsto para participar de diversos eventos da PreCOP. Outro tema discutido por todos os participantes foi a COP30 e as a\u00e7\u00f5es conjuntas franco-brasileiras previstas para novembro de 2025 em Bel\u00e9m. Entre os participantes, estiveram presentes, do lado brasileiro, o presidente do CNPq, Ricardo Galv\u00e3o, a presidente da CAPES, Denise Carvalho, al\u00e9m de representantes dos Minist\u00e9rios da Ci\u00eancia e das Rela\u00e7\u00f5es Exteriores. Do lado franc\u00eas, participaram o prefeito da regi\u00e3o da Guiana Francesa, autoridades da Coletividade Territorial da Guiana, o reitor da Universidade da Guiana, al\u00e9m de representantes do Minist\u00e9rio do Ensino Superior e Pesquisa e do Minist\u00e9rio da Europa e dos Assuntos Estrangeiros. Muitos professores pesquisadores tamb\u00e9m participaram da sess\u00e3o aberta, assim como representantes de diversas ag\u00eancias (Office de l\u2019eau, Parc Amazonien de Guyane, Guyane D\u00e9veloppement Innovation). As duas reuni\u00f5es foram precedidas por uma apresenta\u00e7\u00e3o do ecossistema do ensino superior, da pesquisa e da inova\u00e7\u00e3o na Guiana Francesa. No domingo, 13 de abril, foram realizadas visitas ao s\u00edtio arqueol\u00f3gico da Habitation Loyola, ao Instituto Pasteur e ao herb\u00e1rio do IRD.<\/p>","protected":false},"author":1,"featured_media":0,"parent":0,"menu_order":0,"comment_status":"closed","ping_status":"closed","template":"elementor_header_footer","meta":{"footnotes":""},"class_list":["post-2054","page","type-page","status-publish","hentry"],"yoast_head":"<!-- This site is optimized with the Yoast SEO plugin v27.4 - https:\/\/yoast.com\/product\/yoast-seo-wordpress\/ -->\n<title>Resultados da miss\u00e3o do Centro Franco-Brasileiro para a Biodiversidade Amaz\u00f4nica (CFBBA) - CFBB AMAZ\u00d4NIA - Centro Franco-Brasileiro da Biodiversidade Amaz\u00f4nica<\/title>\n<meta name=\"robots\" content=\"index, follow, max-snippet:-1, max-image-preview:large, max-video-preview:-1\" \/>\n<link rel=\"canonical\" href=\"https:\/\/cfbbamazonia.org\/fr\/resultados-da-missao-do-centro-franco-brasileiro-para-a-biodiversidade-amazonica-cfbba\/\" \/>\n<meta property=\"og:locale\" content=\"fr_FR\" \/>\n<meta property=\"og:type\" content=\"article\" \/>\n<meta property=\"og:title\" content=\"Resultados da miss\u00e3o do Centro Franco-Brasileiro para a Biodiversidade Amaz\u00f4nica (CFBBA) - CFBB AMAZ\u00d4NIA - Centro Franco-Brasileiro da Biodiversidade Amaz\u00f4nica\" \/>\n<meta property=\"og:description\" content=\"Reuni\u00f5es anuais do CFBBA em Caiena &#8211; abril 2025 11 a 18 de abril de 2025 Caiena \u2013 Bras\u00edlia Resumo No dia 14 de abril de 2025, ocorreram a reuni\u00e3o do Conselho Binacional (composto por diversos minist\u00e9rios brasileiros e franceses) e a reuni\u00e3o do Conselho Cient\u00edfico do CFBBA no campus da Universidade da Guiana, em Caiena. Esses encontros permitiram validar o regulamento interno do Centro, definir os eixos tem\u00e1ticos e a delimita\u00e7\u00e3o geogr\u00e1fica do CFBBA, anunciar financiamentos franceses e brasileiros, e reafirmar o compromisso de ambos os pa\u00edses em fazer do Centro uma ferramenta para o fortalecimento da coopera\u00e7\u00e3o universit\u00e1ria e cient\u00edfica entre a Guiana Francesa e os estados brasileiros vizinhos (Amap\u00e1, Par\u00e1, Roraima, Amazonas). As duas reuni\u00f5es foram elogiadas pelos resultados positivos, que abrem caminho para as primeiras atividades e a\u00e7\u00f5es do Centro. Um edital de projetos de pesquisa cofinanciado pelo Minist\u00e9rio da Europa e dos Assuntos Estrangeiros da Fran\u00e7a, pela CAPES e pelo CNPq ser\u00e1 lan\u00e7ado em breve, e o CFBBA est\u00e1 previsto para participar de diversos eventos da PreCOP. Outro tema discutido por todos os participantes foi a COP30 e as a\u00e7\u00f5es conjuntas franco-brasileiras previstas para novembro de 2025 em Bel\u00e9m. Entre os participantes, estiveram presentes, do lado brasileiro, o presidente do CNPq, Ricardo Galv\u00e3o, a presidente da CAPES, Denise Carvalho, al\u00e9m de representantes dos Minist\u00e9rios da Ci\u00eancia e das Rela\u00e7\u00f5es Exteriores. Do lado franc\u00eas, participaram o prefeito da regi\u00e3o da Guiana Francesa, autoridades da Coletividade Territorial da Guiana, o reitor da Universidade da Guiana, al\u00e9m de representantes do Minist\u00e9rio do Ensino Superior e Pesquisa e do Minist\u00e9rio da Europa e dos Assuntos Estrangeiros. Muitos professores pesquisadores tamb\u00e9m participaram da sess\u00e3o aberta, assim como representantes de diversas ag\u00eancias (Office de l\u2019eau, Parc Amazonien de Guyane, Guyane D\u00e9veloppement Innovation). As duas reuni\u00f5es foram precedidas por uma apresenta\u00e7\u00e3o do ecossistema do ensino superior, da pesquisa e da inova\u00e7\u00e3o na Guiana Francesa. No domingo, 13 de abril, foram realizadas visitas ao s\u00edtio arqueol\u00f3gico da Habitation Loyola, ao Instituto Pasteur e ao herb\u00e1rio do IRD.\" \/>\n<meta property=\"og:url\" content=\"https:\/\/cfbbamazonia.org\/fr\/resultados-da-missao-do-centro-franco-brasileiro-para-a-biodiversidade-amazonica-cfbba\/\" \/>\n<meta property=\"og:site_name\" content=\"CFBB AMAZ\u00d4NIA - Centro Franco-Brasileiro da Biodiversidade Amaz\u00f4nica\" \/>\n<meta property=\"article:modified_time\" content=\"2025-05-09T18:12:49+00:00\" \/>\n<meta name=\"twitter:card\" content=\"summary_large_image\" \/>\n<meta name=\"twitter:label1\" content=\"Dur\u00e9e de lecture estim\u00e9e\" \/>\n\t<meta name=\"twitter:data1\" content=\"2 minutes\" \/>\n<script type=\"application\/ld+json\" class=\"yoast-schema-graph\">{\"@context\":\"https:\\\/\\\/schema.org\",\"@graph\":[{\"@type\":\"WebPage\",\"@id\":\"https:\\\/\\\/cfbbamazonia.org\\\/resultados-da-missao-do-centro-franco-brasileiro-para-a-biodiversidade-amazonica-cfbba\\\/\",\"url\":\"https:\\\/\\\/cfbbamazonia.org\\\/resultados-da-missao-do-centro-franco-brasileiro-para-a-biodiversidade-amazonica-cfbba\\\/\",\"name\":\"Resultados da miss\u00e3o do Centro Franco-Brasileiro para a Biodiversidade Amaz\u00f4nica (CFBBA) - CFBB AMAZ\u00d4NIA - Centro Franco-Brasileiro da Biodiversidade Amaz\u00f4nica\",\"isPartOf\":{\"@id\":\"https:\\\/\\\/cfbbamazonia.org\\\/#website\"},\"datePublished\":\"2025-05-06T21:49:56+00:00\",\"dateModified\":\"2025-05-09T18:12:49+00:00\",\"breadcrumb\":{\"@id\":\"https:\\\/\\\/cfbbamazonia.org\\\/resultados-da-missao-do-centro-franco-brasileiro-para-a-biodiversidade-amazonica-cfbba\\\/#breadcrumb\"},\"inLanguage\":\"fr-FR\",\"potentialAction\":[{\"@type\":\"ReadAction\",\"target\":[\"https:\\\/\\\/cfbbamazonia.org\\\/resultados-da-missao-do-centro-franco-brasileiro-para-a-biodiversidade-amazonica-cfbba\\\/\"]}]},{\"@type\":\"BreadcrumbList\",\"@id\":\"https:\\\/\\\/cfbbamazonia.org\\\/resultados-da-missao-do-centro-franco-brasileiro-para-a-biodiversidade-amazonica-cfbba\\\/#breadcrumb\",\"itemListElement\":[{\"@type\":\"ListItem\",\"position\":1,\"name\":\"In\u00edcio\",\"item\":\"https:\\\/\\\/cfbbamazonia.org\\\/\"},{\"@type\":\"ListItem\",\"position\":2,\"name\":\"Resultados da miss\u00e3o do Centro Franco-Brasileiro para a Biodiversidade Amaz\u00f4nica (CFBBA)\"}]},{\"@type\":\"WebSite\",\"@id\":\"https:\\\/\\\/cfbbamazonia.org\\\/#website\",\"url\":\"https:\\\/\\\/cfbbamazonia.org\\\/\",\"name\":\"Centro Franco-Brasileiro de Biodiversidade Amaz\u00f4nica\",\"description\":\"CFBB AMAZ\u00d4NIA\",\"publisher\":{\"@id\":\"https:\\\/\\\/cfbbamazonia.org\\\/#organization\"},\"potentialAction\":[{\"@type\":\"SearchAction\",\"target\":{\"@type\":\"EntryPoint\",\"urlTemplate\":\"https:\\\/\\\/cfbbamazonia.org\\\/?s={search_term_string}\"},\"query-input\":{\"@type\":\"PropertyValueSpecification\",\"valueRequired\":true,\"valueName\":\"search_term_string\"}}],\"inLanguage\":\"fr-FR\"},{\"@type\":\"Organization\",\"@id\":\"https:\\\/\\\/cfbbamazonia.org\\\/#organization\",\"name\":\"Centro Franco-Brasileiro de Biodiversidade Amaz\u00f4nica\",\"url\":\"https:\\\/\\\/cfbbamazonia.org\\\/\",\"logo\":{\"@type\":\"ImageObject\",\"inLanguage\":\"fr-FR\",\"@id\":\"https:\\\/\\\/cfbbamazonia.org\\\/#\\\/schema\\\/logo\\\/image\\\/\",\"url\":\"https:\\\/\\\/cfbbamazonia.org\\\/wp-content\\\/uploads\\\/2025\\\/05\\\/Elemento-Colorido-Passaro.svg\",\"contentUrl\":\"https:\\\/\\\/cfbbamazonia.org\\\/wp-content\\\/uploads\\\/2025\\\/05\\\/Elemento-Colorido-Passaro.svg\",\"width\":1780,\"height\":1858,\"caption\":\"Centro Franco-Brasileiro de Biodiversidade Amaz\u00f4nica\"},\"image\":{\"@id\":\"https:\\\/\\\/cfbbamazonia.org\\\/#\\\/schema\\\/logo\\\/image\\\/\"},\"sameAs\":[\"https:\\\/\\\/www.instagram.com\\\/cfbbamazonia\\\/\",\"https:\\\/\\\/www.linkedin.com\\\/company\\\/centre-franco-brsilien-de-la-biodiversit-amazonienne\\\/?viewAsMember=true\"]}]}<\/script>\n<!-- \/ Yoast SEO plugin. -->","yoast_head_json":{"title":"Resultados da miss\u00e3o do Centro Franco-Brasileiro para a Biodiversidade Amaz\u00f4nica (CFBBA) - CFBB AMAZ\u00d4NIA - Centro Franco-Brasileiro da Biodiversidade Amaz\u00f4nica","robots":{"index":"index","follow":"follow","max-snippet":"max-snippet:-1","max-image-preview":"max-image-preview:large","max-video-preview":"max-video-preview:-1"},"canonical":"https:\/\/cfbbamazonia.org\/fr\/resultados-da-missao-do-centro-franco-brasileiro-para-a-biodiversidade-amazonica-cfbba\/","og_locale":"fr_FR","og_type":"article","og_title":"Resultados da miss\u00e3o do Centro Franco-Brasileiro para a Biodiversidade Amaz\u00f4nica (CFBBA) - CFBB AMAZ\u00d4NIA - Centro Franco-Brasileiro da Biodiversidade Amaz\u00f4nica","og_description":"Reuni\u00f5es anuais do CFBBA em Caiena &#8211; abril 2025 11 a 18 de abril de 2025 Caiena \u2013 Bras\u00edlia Resumo No dia 14 de abril de 2025, ocorreram a reuni\u00e3o do Conselho Binacional (composto por diversos minist\u00e9rios brasileiros e franceses) e a reuni\u00e3o do Conselho Cient\u00edfico do CFBBA no campus da Universidade da Guiana, em Caiena. Esses encontros permitiram validar o regulamento interno do Centro, definir os eixos tem\u00e1ticos e a delimita\u00e7\u00e3o geogr\u00e1fica do CFBBA, anunciar financiamentos franceses e brasileiros, e reafirmar o compromisso de ambos os pa\u00edses em fazer do Centro uma ferramenta para o fortalecimento da coopera\u00e7\u00e3o universit\u00e1ria e cient\u00edfica entre a Guiana Francesa e os estados brasileiros vizinhos (Amap\u00e1, Par\u00e1, Roraima, Amazonas). As duas reuni\u00f5es foram elogiadas pelos resultados positivos, que abrem caminho para as primeiras atividades e a\u00e7\u00f5es do Centro. Um edital de projetos de pesquisa cofinanciado pelo Minist\u00e9rio da Europa e dos Assuntos Estrangeiros da Fran\u00e7a, pela CAPES e pelo CNPq ser\u00e1 lan\u00e7ado em breve, e o CFBBA est\u00e1 previsto para participar de diversos eventos da PreCOP. Outro tema discutido por todos os participantes foi a COP30 e as a\u00e7\u00f5es conjuntas franco-brasileiras previstas para novembro de 2025 em Bel\u00e9m. Entre os participantes, estiveram presentes, do lado brasileiro, o presidente do CNPq, Ricardo Galv\u00e3o, a presidente da CAPES, Denise Carvalho, al\u00e9m de representantes dos Minist\u00e9rios da Ci\u00eancia e das Rela\u00e7\u00f5es Exteriores. Do lado franc\u00eas, participaram o prefeito da regi\u00e3o da Guiana Francesa, autoridades da Coletividade Territorial da Guiana, o reitor da Universidade da Guiana, al\u00e9m de representantes do Minist\u00e9rio do Ensino Superior e Pesquisa e do Minist\u00e9rio da Europa e dos Assuntos Estrangeiros. Muitos professores pesquisadores tamb\u00e9m participaram da sess\u00e3o aberta, assim como representantes de diversas ag\u00eancias (Office de l\u2019eau, Parc Amazonien de Guyane, Guyane D\u00e9veloppement Innovation). As duas reuni\u00f5es foram precedidas por uma apresenta\u00e7\u00e3o do ecossistema do ensino superior, da pesquisa e da inova\u00e7\u00e3o na Guiana Francesa. No domingo, 13 de abril, foram realizadas visitas ao s\u00edtio arqueol\u00f3gico da Habitation Loyola, ao Instituto Pasteur e ao herb\u00e1rio do IRD.","og_url":"https:\/\/cfbbamazonia.org\/fr\/resultados-da-missao-do-centro-franco-brasileiro-para-a-biodiversidade-amazonica-cfbba\/","og_site_name":"CFBB AMAZ\u00d4NIA - Centro Franco-Brasileiro da Biodiversidade Amaz\u00f4nica","article_modified_time":"2025-05-09T18:12:49+00:00","twitter_card":"summary_large_image","twitter_misc":{"Dur\u00e9e de lecture estim\u00e9e":"2 minutes"},"schema":{"@context":"https:\/\/schema.org","@graph":[{"@type":"WebPage","@id":"https:\/\/cfbbamazonia.org\/resultados-da-missao-do-centro-franco-brasileiro-para-a-biodiversidade-amazonica-cfbba\/","url":"https:\/\/cfbbamazonia.org\/resultados-da-missao-do-centro-franco-brasileiro-para-a-biodiversidade-amazonica-cfbba\/","name":"Resultados da miss\u00e3o do Centro Franco-Brasileiro para a Biodiversidade Amaz\u00f4nica (CFBBA) - CFBB AMAZ\u00d4NIA - Centro Franco-Brasileiro da Biodiversidade Amaz\u00f4nica","isPartOf":{"@id":"https:\/\/cfbbamazonia.org\/#website"},"datePublished":"2025-05-06T21:49:56+00:00","dateModified":"2025-05-09T18:12:49+00:00","breadcrumb":{"@id":"https:\/\/cfbbamazonia.org\/resultados-da-missao-do-centro-franco-brasileiro-para-a-biodiversidade-amazonica-cfbba\/#breadcrumb"},"inLanguage":"fr-FR","potentialAction":[{"@type":"ReadAction","target":["https:\/\/cfbbamazonia.org\/resultados-da-missao-do-centro-franco-brasileiro-para-a-biodiversidade-amazonica-cfbba\/"]}]},{"@type":"BreadcrumbList","@id":"https:\/\/cfbbamazonia.org\/resultados-da-missao-do-centro-franco-brasileiro-para-a-biodiversidade-amazonica-cfbba\/#breadcrumb","itemListElement":[{"@type":"ListItem","position":1,"name":"In\u00edcio","item":"https:\/\/cfbbamazonia.org\/"},{"@type":"ListItem","position":2,"name":"Resultados da miss\u00e3o do Centro Franco-Brasileiro para a Biodiversidade Amaz\u00f4nica (CFBBA)"}]},{"@type":"WebSite","@id":"https:\/\/cfbbamazonia.org\/#website","url":"https:\/\/cfbbamazonia.org\/","name":"Centre Franco-Br\u00e9silien pour la Biodiversit\u00e9 Amazonienne","description":"CFBB AMAZ\u00d4NIA","publisher":{"@id":"https:\/\/cfbbamazonia.org\/#organization"},"potentialAction":[{"@type":"SearchAction","target":{"@type":"EntryPoint","urlTemplate":"https:\/\/cfbbamazonia.org\/?s={search_term_string}"},"query-input":{"@type":"PropertyValueSpecification","valueRequired":true,"valueName":"search_term_string"}}],"inLanguage":"fr-FR"},{"@type":"Organization","@id":"https:\/\/cfbbamazonia.org\/#organization","name":"Centre Franco-Br\u00e9silien pour la Biodiversit\u00e9 Amazonienne","url":"https:\/\/cfbbamazonia.org\/","logo":{"@type":"ImageObject","inLanguage":"fr-FR","@id":"https:\/\/cfbbamazonia.org\/#\/schema\/logo\/image\/","url":"https:\/\/cfbbamazonia.org\/wp-content\/uploads\/2025\/05\/Elemento-Colorido-Passaro.svg","contentUrl":"https:\/\/cfbbamazonia.org\/wp-content\/uploads\/2025\/05\/Elemento-Colorido-Passaro.svg","width":1780,"height":1858,"caption":"Centro Franco-Brasileiro de Biodiversidade Amaz\u00f4nica"},"image":{"@id":"https:\/\/cfbbamazonia.org\/#\/schema\/logo\/image\/"},"sameAs":["https:\/\/www.instagram.com\/cfbbamazonia\/","https:\/\/www.linkedin.com\/company\/centre-franco-brsilien-de-la-biodiversit-amazonienne\/?viewAsMember=true"]}]}},"_links":{"self":[{"href":"https:\/\/cfbbamazonia.org\/fr\/wp-json\/wp\/v2\/pages\/2054","targetHints":{"allow":["GET"]}}],"collection":[{"href":"https:\/\/cfbbamazonia.org\/fr\/wp-json\/wp\/v2\/pages"}],"about":[{"href":"https:\/\/cfbbamazonia.org\/fr\/wp-json\/wp\/v2\/types\/page"}],"author":[{"embeddable":true,"href":"https:\/\/cfbbamazonia.org\/fr\/wp-json\/wp\/v2\/users\/1"}],"replies":[{"embeddable":true,"href":"https:\/\/cfbbamazonia.org\/fr\/wp-json\/wp\/v2\/comments?post=2054"}],"version-history":[{"count":37,"href":"https:\/\/cfbbamazonia.org\/fr\/wp-json\/wp\/v2\/pages\/2054\/revisions"}],"predecessor-version":[{"id":2359,"href":"https:\/\/cfbbamazonia.org\/fr\/wp-json\/wp\/v2\/pages\/2054\/revisions\/2359"}],"wp:attachment":[{"href":"https:\/\/cfbbamazonia.org\/fr\/wp-json\/wp\/v2\/media?parent=2054"}],"curies":[{"name":"wp","href":"https:\/\/api.w.org\/{rel}","templated":true}]}}