{"id":2542,"date":"2025-05-14T18:49:05","date_gmt":"2025-05-14T18:49:05","guid":{"rendered":"https:\/\/cfbbamazonia.org\/?page_id=2542"},"modified":"2025-05-16T22:35:40","modified_gmt":"2025-05-16T22:35:40","slug":"jornadas-anuais-do-ird-sobre-o-tema-da-desertificacao","status":"publish","type":"page","link":"https:\/\/cfbbamazonia.org\/fr\/jornadas-anuais-do-ird-sobre-o-tema-da-desertificacao\/","title":{"rendered":"Journ\u00e9es annuelles de l'IRD sur la d\u00e9sertification"},"content":{"rendered":"<div data-elementor-type=\"wp-page\" data-elementor-id=\"2542\" class=\"elementor elementor-2542\">\n\t\t\t\t<div class=\"elementor-element elementor-element-31980ae e-flex e-con-boxed wpr-particle-no wpr-jarallax-no wpr-parallax-no wpr-sticky-section-no wpr-equal-height-no e-con e-parent\" data-id=\"31980ae\" data-element_type=\"container\" data-e-type=\"container\">\n\t\t\t\t\t<div class=\"e-con-inner\">\n\t\t\t\t<div class=\"elementor-element elementor-element-60d001f elementor-widget elementor-widget-heading\" data-id=\"60d001f\" data-element_type=\"widget\" data-e-type=\"widget\" data-widget_type=\"heading.default\">\n\t\t\t\t<div class=\"elementor-widget-container\">\n\t\t\t\t\t<h2 class=\"elementor-heading-title elementor-size-default\">Journ\u00e9es annuelles de l'IRD sur la d\u00e9sertification<\/h2>\t\t\t\t<\/div>\n\t\t\t\t<\/div>\n\t\t\t\t\t<\/div>\n\t\t\t\t<\/div>\n\t\t<div class=\"elementor-element elementor-element-3693435 e-flex e-con-boxed wpr-particle-no wpr-jarallax-no wpr-parallax-no wpr-sticky-section-no wpr-equal-height-no e-con e-parent\" data-id=\"3693435\" data-element_type=\"container\" data-e-type=\"container\">\n\t\t\t\t\t<div class=\"e-con-inner\">\n\t\t\t\t<div class=\"elementor-element elementor-element-e628080 elementor-widget__width-initial elementor-widget elementor-widget-text-editor\" data-id=\"e628080\" data-element_type=\"widget\" data-e-type=\"widget\" data-widget_type=\"text-editor.default\">\n\t\t\t\t<div class=\"elementor-widget-container\">\n\t\t\t\t\t\t\t\t\t<p data-start=\"316\" data-end=\"637\">L\u2019Institut de Recherche pour le D\u00e9veloppement (IRD) au Br\u00e9sil, en partenariat avec l\u2019Universit\u00e9 F\u00e9d\u00e9rale de Para\u00edba (UFPB), organise sa rencontre annuelle r\u00e9unissant chercheurs, chercheuses et partenaires institutionnels afin de pr\u00e9senter et discuter les activit\u00e9s scientifiques men\u00e9es en collaboration dans le pays.<\/p><p data-start=\"639\" data-end=\"1068\">Cette \u00e9dition sera particuli\u00e8rement consacr\u00e9e aux recherches r\u00e9alis\u00e9es dans la r\u00e9gion du Nordeste, avec un accent sur les d\u00e9fis environnementaux rencontr\u00e9s dans les territoires semi-arides et sur les solutions durables pouvant y \u00eatre apport\u00e9es. La programmation comprendra une sortie de terrain le premier jour, offrant une immersion concr\u00e8te dans le contexte local, suivie d\u2019une journ\u00e9e de r\u00e9flexions et de d\u00e9bats scientifiques, nourrie par les observations effectu\u00e9es sur le terrain.<\/p><p data-start=\"1070\" data-end=\"1412\">L\u2019\u00e9v\u00e9nement se tiendra les <strong data-start=\"1101\" data-end=\"1128\">15 et 16 mai 2025 \u00e0 Jo\u00e3o Pessoa<\/strong>, et comptera notamment sur la participation de Henrique dos Santos Pereira, co-directeur br\u00e9silien du <strong data-start=\"1232\" data-end=\"1300\">Centre Franco-Br\u00e9silien pour la Biodiversit\u00e9 Amazonienne<\/strong>, qui interviendra autour d\u2019une pr\u00e9sentation intitul\u00e9e :<br data-start=\"1344\" data-end=\"1347\" \/><strong data-start=\"1347\" data-end=\"1411\">\"CFBBA : Un Nouveau Chapitre de la Diplomatie Scientifique Amazonienne\".<\/strong><\/p>\t\t\t\t\t\t\t\t<\/div>\n\t\t\t\t<\/div>\n\t\t\t\t\t<\/div>\n\t\t\t\t<\/div>\n\t\t<div class=\"elementor-element elementor-element-83e7338 e-flex e-con-boxed wpr-particle-no wpr-jarallax-no wpr-parallax-no wpr-sticky-section-no wpr-equal-height-no e-con e-parent\" data-id=\"83e7338\" data-element_type=\"container\" data-e-type=\"container\">\n\t\t\t\t\t<div class=\"e-con-inner\">\n\t\t\t\t<div class=\"elementor-element elementor-element-e2377cf elementor-widget elementor-widget-image\" data-id=\"e2377cf\" data-element_type=\"widget\" data-e-type=\"widget\" data-widget_type=\"image.default\">\n\t\t\t\t<div class=\"elementor-widget-container\">\n\t\t\t\t\t\t\t\t\t\t\t\t\t\t\t<img fetchpriority=\"high\" decoding=\"async\" width=\"768\" height=\"432\" src=\"https:\/\/cfbbamazonia.org\/wp-content\/uploads\/2025\/05\/WhatsApp-Image-2025-05-16-at-19.04.12-768x432.jpeg\" class=\"attachment-medium_large size-medium_large wp-image-2998\" alt=\"\" srcset=\"https:\/\/cfbbamazonia.org\/wp-content\/uploads\/2025\/05\/WhatsApp-Image-2025-05-16-at-19.04.12-768x432.jpeg 768w, https:\/\/cfbbamazonia.org\/wp-content\/uploads\/2025\/05\/WhatsApp-Image-2025-05-16-at-19.04.12-300x169.jpeg 300w, https:\/\/cfbbamazonia.org\/wp-content\/uploads\/2025\/05\/WhatsApp-Image-2025-05-16-at-19.04.12-1024x576.jpeg 1024w, https:\/\/cfbbamazonia.org\/wp-content\/uploads\/2025\/05\/WhatsApp-Image-2025-05-16-at-19.04.12-1536x864.jpeg 1536w, https:\/\/cfbbamazonia.org\/wp-content\/uploads\/2025\/05\/WhatsApp-Image-2025-05-16-at-19.04.12-18x10.jpeg 18w, https:\/\/cfbbamazonia.org\/wp-content\/uploads\/2025\/05\/WhatsApp-Image-2025-05-16-at-19.04.12.jpeg 1600w\" sizes=\"(max-width: 768px) 100vw, 768px\" \/>\t\t\t\t\t\t\t\t\t\t\t\t\t\t\t<\/div>\n\t\t\t\t<\/div>\n\t\t\t\t\t<\/div>\n\t\t\t\t<\/div>\n\t\t<div class=\"elementor-element elementor-element-b0614b1 e-con-full e-flex wpr-particle-no wpr-jarallax-no wpr-parallax-no wpr-sticky-section-no wpr-equal-height-no e-con e-parent\" data-id=\"b0614b1\" data-element_type=\"container\" data-e-type=\"container\" data-settings=\"{&quot;background_background&quot;:&quot;classic&quot;}\">\n\t\t\t\t<div class=\"elementor-element elementor-element-7b0320d elementor-widget elementor-widget-text-editor\" data-id=\"7b0320d\" data-element_type=\"widget\" data-e-type=\"widget\" data-widget_type=\"text-editor.default\">\n\t\t\t\t<div class=\"elementor-widget-container\">\n\t\t\t\t\t\t\t\t\t<p>Henrique Dos Santos Pereira, co-directeur br\u00e9silien, pr\u00e9sentant le CFBBA aux Journ\u00e9es Annuelles de l'IRD.<\/p>\t\t\t\t\t\t\t\t<\/div>\n\t\t\t\t<\/div>\n\t\t\t\t<\/div>\n\t\t\t\t<\/div>","protected":false},"excerpt":{"rendered":"<p>Jornadas anuais do IRD sobre o tema da desertifica\u00e7\u00e3o O Institut de Recherche pour le D\u00e9veloppement (IRD) no Brasil, em parceria com a Universidade Federal da Para\u00edba (UFPB), organiza seu encontro anual que reunir\u00e1 pesquisadoras, pesquisadores e parceiras e parceiros institucionais para apresentar e discutir as atividades cient\u00edficas desenvolvidas em colabora\u00e7\u00e3o no Brasil. Este ano, o evento ser\u00e1 especialmente dedicado \u00e0s pesquisas realizadas na regi\u00e3o Nordeste, com foco nos desafios ambientais enfrentados nos territ\u00f3rios semi\u00e1ridos e na busca por solu\u00e7\u00f5es sustent\u00e1veis. A programa\u00e7\u00e3o contar\u00e1 com uma sa\u00edda de campo no primeiro dia, permitindo uma imers\u00e3o pr\u00e1tica no contexto local, seguida por uma jornada de reflex\u00f5es e debates cient\u00edficos no segundo dia, com base nas observa\u00e7\u00f5es feitas em campo. O encontro acontecer\u00e1 nos dias 15 e 16 de maio de 2025, em Jo\u00e3o Pessoa, e contar\u00e1 com a presen\u00e7a de Henrique dos Santos Pereira, co-diretor brasileiro do Centro Franco-Brasileiro da Biodiversidade Amaz\u00f4nica, que realizar\u00e1 uma apresenta\u00e7\u00e3o intitulada:\u201cCFBBA: Um Novo Cap\u00edtulo da Diplomacia Cient\u00edfica Amaz\u00f4nica\u201d. Henrique dos Santos Pereira, co-diretor brasileiro, apresentando o CFBBA nas Jornadas Anuais do IRD.<\/p>","protected":false},"author":1,"featured_media":0,"parent":0,"menu_order":0,"comment_status":"closed","ping_status":"closed","template":"elementor_header_footer","meta":{"footnotes":""},"class_list":["post-2542","page","type-page","status-publish","hentry"],"yoast_head":"<!-- This site is optimized with the Yoast SEO plugin v27.4 - https:\/\/yoast.com\/product\/yoast-seo-wordpress\/ -->\n<title>Jornadas anuais do IRD sobre o tema da desertifica\u00e7\u00e3o - CFBB AMAZ\u00d4NIA - Centro Franco-Brasileiro da Biodiversidade Amaz\u00f4nica<\/title>\n<meta name=\"robots\" content=\"index, follow, max-snippet:-1, max-image-preview:large, max-video-preview:-1\" \/>\n<link rel=\"canonical\" href=\"https:\/\/cfbbamazonia.org\/fr\/jornadas-anuais-do-ird-sobre-o-tema-da-desertificacao\/\" \/>\n<meta property=\"og:locale\" content=\"fr_FR\" \/>\n<meta property=\"og:type\" content=\"article\" \/>\n<meta property=\"og:title\" content=\"Jornadas anuais do IRD sobre o tema da desertifica\u00e7\u00e3o - CFBB AMAZ\u00d4NIA - Centro Franco-Brasileiro da Biodiversidade Amaz\u00f4nica\" \/>\n<meta property=\"og:description\" content=\"Jornadas anuais do IRD sobre o tema da desertifica\u00e7\u00e3o O Institut de Recherche pour le D\u00e9veloppement (IRD) no Brasil, em parceria com a Universidade Federal da Para\u00edba (UFPB), organiza seu encontro anual que reunir\u00e1 pesquisadoras, pesquisadores e parceiras e parceiros institucionais para apresentar e discutir as atividades cient\u00edficas desenvolvidas em colabora\u00e7\u00e3o no Brasil. Este ano, o evento ser\u00e1 especialmente dedicado \u00e0s pesquisas realizadas na regi\u00e3o Nordeste, com foco nos desafios ambientais enfrentados nos territ\u00f3rios semi\u00e1ridos e na busca por solu\u00e7\u00f5es sustent\u00e1veis. A programa\u00e7\u00e3o contar\u00e1 com uma sa\u00edda de campo no primeiro dia, permitindo uma imers\u00e3o pr\u00e1tica no contexto local, seguida por uma jornada de reflex\u00f5es e debates cient\u00edficos no segundo dia, com base nas observa\u00e7\u00f5es feitas em campo. O encontro acontecer\u00e1 nos dias 15 e 16 de maio de 2025, em Jo\u00e3o Pessoa, e contar\u00e1 com a presen\u00e7a de Henrique dos Santos Pereira, co-diretor brasileiro do Centro Franco-Brasileiro da Biodiversidade Amaz\u00f4nica, que realizar\u00e1 uma apresenta\u00e7\u00e3o intitulada:\u201cCFBBA: Um Novo Cap\u00edtulo da Diplomacia Cient\u00edfica Amaz\u00f4nica\u201d. Henrique dos Santos Pereira, co-diretor brasileiro, apresentando o CFBBA nas Jornadas Anuais do IRD.\" \/>\n<meta property=\"og:url\" content=\"https:\/\/cfbbamazonia.org\/fr\/jornadas-anuais-do-ird-sobre-o-tema-da-desertificacao\/\" \/>\n<meta property=\"og:site_name\" content=\"CFBB AMAZ\u00d4NIA - Centro Franco-Brasileiro da Biodiversidade Amaz\u00f4nica\" \/>\n<meta property=\"article:modified_time\" content=\"2025-05-16T22:35:40+00:00\" \/>\n<meta property=\"og:image\" content=\"https:\/\/cfbbamazonia.org\/wp-content\/uploads\/2025\/05\/WhatsApp-Image-2025-05-16-at-19.04.12.jpeg\" \/>\n\t<meta property=\"og:image:width\" content=\"1600\" \/>\n\t<meta property=\"og:image:height\" content=\"900\" \/>\n\t<meta property=\"og:image:type\" content=\"image\/jpeg\" \/>\n<meta name=\"twitter:card\" content=\"summary_large_image\" \/>\n<meta name=\"twitter:label1\" content=\"Dur\u00e9e de lecture estim\u00e9e\" \/>\n\t<meta name=\"twitter:data1\" content=\"1 minute\" \/>\n<script type=\"application\/ld+json\" class=\"yoast-schema-graph\">{\"@context\":\"https:\\\/\\\/schema.org\",\"@graph\":[{\"@type\":\"WebPage\",\"@id\":\"https:\\\/\\\/cfbbamazonia.org\\\/jornadas-anuais-do-ird-sobre-o-tema-da-desertificacao\\\/\",\"url\":\"https:\\\/\\\/cfbbamazonia.org\\\/jornadas-anuais-do-ird-sobre-o-tema-da-desertificacao\\\/\",\"name\":\"Jornadas anuais do IRD sobre o tema da desertifica\u00e7\u00e3o - CFBB AMAZ\u00d4NIA - Centro Franco-Brasileiro da Biodiversidade Amaz\u00f4nica\",\"isPartOf\":{\"@id\":\"https:\\\/\\\/cfbbamazonia.org\\\/#website\"},\"primaryImageOfPage\":{\"@id\":\"https:\\\/\\\/cfbbamazonia.org\\\/jornadas-anuais-do-ird-sobre-o-tema-da-desertificacao\\\/#primaryimage\"},\"image\":{\"@id\":\"https:\\\/\\\/cfbbamazonia.org\\\/jornadas-anuais-do-ird-sobre-o-tema-da-desertificacao\\\/#primaryimage\"},\"thumbnailUrl\":\"https:\\\/\\\/cfbbamazonia.org\\\/wp-content\\\/uploads\\\/2025\\\/05\\\/WhatsApp-Image-2025-05-16-at-19.04.12-768x432.jpeg\",\"datePublished\":\"2025-05-14T18:49:05+00:00\",\"dateModified\":\"2025-05-16T22:35:40+00:00\",\"breadcrumb\":{\"@id\":\"https:\\\/\\\/cfbbamazonia.org\\\/jornadas-anuais-do-ird-sobre-o-tema-da-desertificacao\\\/#breadcrumb\"},\"inLanguage\":\"fr-FR\",\"potentialAction\":[{\"@type\":\"ReadAction\",\"target\":[\"https:\\\/\\\/cfbbamazonia.org\\\/jornadas-anuais-do-ird-sobre-o-tema-da-desertificacao\\\/\"]}]},{\"@type\":\"ImageObject\",\"inLanguage\":\"fr-FR\",\"@id\":\"https:\\\/\\\/cfbbamazonia.org\\\/jornadas-anuais-do-ird-sobre-o-tema-da-desertificacao\\\/#primaryimage\",\"url\":\"https:\\\/\\\/cfbbamazonia.org\\\/wp-content\\\/uploads\\\/2025\\\/05\\\/WhatsApp-Image-2025-05-16-at-19.04.12-768x432.jpeg\",\"contentUrl\":\"https:\\\/\\\/cfbbamazonia.org\\\/wp-content\\\/uploads\\\/2025\\\/05\\\/WhatsApp-Image-2025-05-16-at-19.04.12-768x432.jpeg\"},{\"@type\":\"BreadcrumbList\",\"@id\":\"https:\\\/\\\/cfbbamazonia.org\\\/jornadas-anuais-do-ird-sobre-o-tema-da-desertificacao\\\/#breadcrumb\",\"itemListElement\":[{\"@type\":\"ListItem\",\"position\":1,\"name\":\"In\u00edcio\",\"item\":\"https:\\\/\\\/cfbbamazonia.org\\\/\"},{\"@type\":\"ListItem\",\"position\":2,\"name\":\"Jornadas anuais do IRD sobre o tema da desertifica\u00e7\u00e3o\"}]},{\"@type\":\"WebSite\",\"@id\":\"https:\\\/\\\/cfbbamazonia.org\\\/#website\",\"url\":\"https:\\\/\\\/cfbbamazonia.org\\\/\",\"name\":\"Centro Franco-Brasileiro de Biodiversidade Amaz\u00f4nica\",\"description\":\"CFBB AMAZ\u00d4NIA\",\"publisher\":{\"@id\":\"https:\\\/\\\/cfbbamazonia.org\\\/#organization\"},\"potentialAction\":[{\"@type\":\"SearchAction\",\"target\":{\"@type\":\"EntryPoint\",\"urlTemplate\":\"https:\\\/\\\/cfbbamazonia.org\\\/?s={search_term_string}\"},\"query-input\":{\"@type\":\"PropertyValueSpecification\",\"valueRequired\":true,\"valueName\":\"search_term_string\"}}],\"inLanguage\":\"fr-FR\"},{\"@type\":\"Organization\",\"@id\":\"https:\\\/\\\/cfbbamazonia.org\\\/#organization\",\"name\":\"Centro Franco-Brasileiro de Biodiversidade Amaz\u00f4nica\",\"url\":\"https:\\\/\\\/cfbbamazonia.org\\\/\",\"logo\":{\"@type\":\"ImageObject\",\"inLanguage\":\"fr-FR\",\"@id\":\"https:\\\/\\\/cfbbamazonia.org\\\/#\\\/schema\\\/logo\\\/image\\\/\",\"url\":\"https:\\\/\\\/cfbbamazonia.org\\\/wp-content\\\/uploads\\\/2025\\\/05\\\/Elemento-Colorido-Passaro.svg\",\"contentUrl\":\"https:\\\/\\\/cfbbamazonia.org\\\/wp-content\\\/uploads\\\/2025\\\/05\\\/Elemento-Colorido-Passaro.svg\",\"width\":1780,\"height\":1858,\"caption\":\"Centro Franco-Brasileiro de Biodiversidade Amaz\u00f4nica\"},\"image\":{\"@id\":\"https:\\\/\\\/cfbbamazonia.org\\\/#\\\/schema\\\/logo\\\/image\\\/\"},\"sameAs\":[\"https:\\\/\\\/www.instagram.com\\\/cfbbamazonia\\\/\",\"https:\\\/\\\/www.linkedin.com\\\/company\\\/centre-franco-brsilien-de-la-biodiversit-amazonienne\\\/?viewAsMember=true\"]}]}<\/script>\n<!-- \/ Yoast SEO plugin. -->","yoast_head_json":{"title":"Jornadas anuais do IRD sobre o tema da desertifica\u00e7\u00e3o - CFBB AMAZ\u00d4NIA - Centro Franco-Brasileiro da Biodiversidade Amaz\u00f4nica","robots":{"index":"index","follow":"follow","max-snippet":"max-snippet:-1","max-image-preview":"max-image-preview:large","max-video-preview":"max-video-preview:-1"},"canonical":"https:\/\/cfbbamazonia.org\/fr\/jornadas-anuais-do-ird-sobre-o-tema-da-desertificacao\/","og_locale":"fr_FR","og_type":"article","og_title":"Jornadas anuais do IRD sobre o tema da desertifica\u00e7\u00e3o - CFBB AMAZ\u00d4NIA - Centro Franco-Brasileiro da Biodiversidade Amaz\u00f4nica","og_description":"Jornadas anuais do IRD sobre o tema da desertifica\u00e7\u00e3o O Institut de Recherche pour le D\u00e9veloppement (IRD) no Brasil, em parceria com a Universidade Federal da Para\u00edba (UFPB), organiza seu encontro anual que reunir\u00e1 pesquisadoras, pesquisadores e parceiras e parceiros institucionais para apresentar e discutir as atividades cient\u00edficas desenvolvidas em colabora\u00e7\u00e3o no Brasil. Este ano, o evento ser\u00e1 especialmente dedicado \u00e0s pesquisas realizadas na regi\u00e3o Nordeste, com foco nos desafios ambientais enfrentados nos territ\u00f3rios semi\u00e1ridos e na busca por solu\u00e7\u00f5es sustent\u00e1veis. A programa\u00e7\u00e3o contar\u00e1 com uma sa\u00edda de campo no primeiro dia, permitindo uma imers\u00e3o pr\u00e1tica no contexto local, seguida por uma jornada de reflex\u00f5es e debates cient\u00edficos no segundo dia, com base nas observa\u00e7\u00f5es feitas em campo. O encontro acontecer\u00e1 nos dias 15 e 16 de maio de 2025, em Jo\u00e3o Pessoa, e contar\u00e1 com a presen\u00e7a de Henrique dos Santos Pereira, co-diretor brasileiro do Centro Franco-Brasileiro da Biodiversidade Amaz\u00f4nica, que realizar\u00e1 uma apresenta\u00e7\u00e3o intitulada:\u201cCFBBA: Um Novo Cap\u00edtulo da Diplomacia Cient\u00edfica Amaz\u00f4nica\u201d. Henrique dos Santos Pereira, co-diretor brasileiro, apresentando o CFBBA nas Jornadas Anuais do IRD.","og_url":"https:\/\/cfbbamazonia.org\/fr\/jornadas-anuais-do-ird-sobre-o-tema-da-desertificacao\/","og_site_name":"CFBB AMAZ\u00d4NIA - Centro Franco-Brasileiro da Biodiversidade Amaz\u00f4nica","article_modified_time":"2025-05-16T22:35:40+00:00","og_image":[{"width":1600,"height":900,"url":"https:\/\/cfbbamazonia.org\/wp-content\/uploads\/2025\/05\/WhatsApp-Image-2025-05-16-at-19.04.12.jpeg","type":"image\/jpeg"}],"twitter_card":"summary_large_image","twitter_misc":{"Dur\u00e9e de lecture estim\u00e9e":"1 minute"},"schema":{"@context":"https:\/\/schema.org","@graph":[{"@type":"WebPage","@id":"https:\/\/cfbbamazonia.org\/jornadas-anuais-do-ird-sobre-o-tema-da-desertificacao\/","url":"https:\/\/cfbbamazonia.org\/jornadas-anuais-do-ird-sobre-o-tema-da-desertificacao\/","name":"Jornadas anuais do IRD sobre o tema da desertifica\u00e7\u00e3o - CFBB AMAZ\u00d4NIA - Centro Franco-Brasileiro da Biodiversidade Amaz\u00f4nica","isPartOf":{"@id":"https:\/\/cfbbamazonia.org\/#website"},"primaryImageOfPage":{"@id":"https:\/\/cfbbamazonia.org\/jornadas-anuais-do-ird-sobre-o-tema-da-desertificacao\/#primaryimage"},"image":{"@id":"https:\/\/cfbbamazonia.org\/jornadas-anuais-do-ird-sobre-o-tema-da-desertificacao\/#primaryimage"},"thumbnailUrl":"https:\/\/cfbbamazonia.org\/wp-content\/uploads\/2025\/05\/WhatsApp-Image-2025-05-16-at-19.04.12-768x432.jpeg","datePublished":"2025-05-14T18:49:05+00:00","dateModified":"2025-05-16T22:35:40+00:00","breadcrumb":{"@id":"https:\/\/cfbbamazonia.org\/jornadas-anuais-do-ird-sobre-o-tema-da-desertificacao\/#breadcrumb"},"inLanguage":"fr-FR","potentialAction":[{"@type":"ReadAction","target":["https:\/\/cfbbamazonia.org\/jornadas-anuais-do-ird-sobre-o-tema-da-desertificacao\/"]}]},{"@type":"ImageObject","inLanguage":"fr-FR","@id":"https:\/\/cfbbamazonia.org\/jornadas-anuais-do-ird-sobre-o-tema-da-desertificacao\/#primaryimage","url":"https:\/\/cfbbamazonia.org\/wp-content\/uploads\/2025\/05\/WhatsApp-Image-2025-05-16-at-19.04.12-768x432.jpeg","contentUrl":"https:\/\/cfbbamazonia.org\/wp-content\/uploads\/2025\/05\/WhatsApp-Image-2025-05-16-at-19.04.12-768x432.jpeg"},{"@type":"BreadcrumbList","@id":"https:\/\/cfbbamazonia.org\/jornadas-anuais-do-ird-sobre-o-tema-da-desertificacao\/#breadcrumb","itemListElement":[{"@type":"ListItem","position":1,"name":"In\u00edcio","item":"https:\/\/cfbbamazonia.org\/"},{"@type":"ListItem","position":2,"name":"Jornadas anuais do IRD sobre o tema da desertifica\u00e7\u00e3o"}]},{"@type":"WebSite","@id":"https:\/\/cfbbamazonia.org\/#website","url":"https:\/\/cfbbamazonia.org\/","name":"Centre Franco-Br\u00e9silien pour la Biodiversit\u00e9 Amazonienne","description":"CFBB AMAZ\u00d4NIA","publisher":{"@id":"https:\/\/cfbbamazonia.org\/#organization"},"potentialAction":[{"@type":"SearchAction","target":{"@type":"EntryPoint","urlTemplate":"https:\/\/cfbbamazonia.org\/?s={search_term_string}"},"query-input":{"@type":"PropertyValueSpecification","valueRequired":true,"valueName":"search_term_string"}}],"inLanguage":"fr-FR"},{"@type":"Organization","@id":"https:\/\/cfbbamazonia.org\/#organization","name":"Centre Franco-Br\u00e9silien pour la Biodiversit\u00e9 Amazonienne","url":"https:\/\/cfbbamazonia.org\/","logo":{"@type":"ImageObject","inLanguage":"fr-FR","@id":"https:\/\/cfbbamazonia.org\/#\/schema\/logo\/image\/","url":"https:\/\/cfbbamazonia.org\/wp-content\/uploads\/2025\/05\/Elemento-Colorido-Passaro.svg","contentUrl":"https:\/\/cfbbamazonia.org\/wp-content\/uploads\/2025\/05\/Elemento-Colorido-Passaro.svg","width":1780,"height":1858,"caption":"Centro Franco-Brasileiro de Biodiversidade Amaz\u00f4nica"},"image":{"@id":"https:\/\/cfbbamazonia.org\/#\/schema\/logo\/image\/"},"sameAs":["https:\/\/www.instagram.com\/cfbbamazonia\/","https:\/\/www.linkedin.com\/company\/centre-franco-brsilien-de-la-biodiversit-amazonienne\/?viewAsMember=true"]}]}},"_links":{"self":[{"href":"https:\/\/cfbbamazonia.org\/fr\/wp-json\/wp\/v2\/pages\/2542","targetHints":{"allow":["GET"]}}],"collection":[{"href":"https:\/\/cfbbamazonia.org\/fr\/wp-json\/wp\/v2\/pages"}],"about":[{"href":"https:\/\/cfbbamazonia.org\/fr\/wp-json\/wp\/v2\/types\/page"}],"author":[{"embeddable":true,"href":"https:\/\/cfbbamazonia.org\/fr\/wp-json\/wp\/v2\/users\/1"}],"replies":[{"embeddable":true,"href":"https:\/\/cfbbamazonia.org\/fr\/wp-json\/wp\/v2\/comments?post=2542"}],"version-history":[{"count":22,"href":"https:\/\/cfbbamazonia.org\/fr\/wp-json\/wp\/v2\/pages\/2542\/revisions"}],"predecessor-version":[{"id":3008,"href":"https:\/\/cfbbamazonia.org\/fr\/wp-json\/wp\/v2\/pages\/2542\/revisions\/3008"}],"wp:attachment":[{"href":"https:\/\/cfbbamazonia.org\/fr\/wp-json\/wp\/v2\/media?parent=2542"}],"curies":[{"name":"wp","href":"https:\/\/api.w.org\/{rel}","templated":true}]}}